{"id":1948,"date":"2025-03-19T07:05:44","date_gmt":"2025-03-19T07:05:44","guid":{"rendered":"https:\/\/metric.net\/career\/"},"modified":"2025-05-20T12:27:20","modified_gmt":"2025-05-20T12:27:20","slug":"career","status":"publish","type":"page","link":"https:\/\/metric.net\/en\/career\/","title":{"rendered":"Career"},"content":{"rendered":"\t\t<div data-elementor-type=\"wp-page\" data-elementor-id=\"1948\" class=\"elementor elementor-1948 elementor-786\" data-elementor-post-type=\"page\">\n\t\t\t\t<div class=\"elementor-element elementor-element-780dd192 e-flex e-con-boxed e-con e-parent\" data-id=\"780dd192\" data-element_type=\"container\">\n\t\t\t\t\t<div class=\"e-con-inner\">\n\t\t<div class=\"elementor-element elementor-element-68e41cb0 e-con-full e-flex e-con e-child\" data-id=\"68e41cb0\" data-element_type=\"container\">\n\t\t\t\t<div class=\"elementor-element elementor-element-41dc797a elementor-widget elementor-widget-heading\" data-id=\"41dc797a\" data-element_type=\"widget\" data-widget_type=\"heading.default\">\n\t\t\t\t<div class=\"elementor-widget-container\">\n\t\t\t\t\t<h1 class=\"elementor-heading-title elementor-size-default\">Career<\/h1>\t\t\t\t<\/div>\n\t\t\t\t<\/div>\n\t\t\t\t<div class=\"elementor-element elementor-element-78d901d0 elementor-widget elementor-widget-text-editor\" data-id=\"78d901d0\" data-element_type=\"widget\" data-widget_type=\"text-editor.default\">\n\t\t\t\t<div class=\"elementor-widget-container\">\n\t\t\t\t\t\t\t\t\t<h2>Metric Software and Consulting Career<\/h2>\t\t\t\t\t\t\t\t<\/div>\n\t\t\t\t<\/div>\n\t\t\t\t<div class=\"elementor-element elementor-element-47b63c6 elementor-widget-divider--view-line elementor-widget elementor-widget-divider\" data-id=\"47b63c6\" data-element_type=\"widget\" data-widget_type=\"divider.default\">\n\t\t\t\t<div class=\"elementor-widget-container\">\n\t\t\t\t\t\t\t<div class=\"elementor-divider\">\n\t\t\t<span class=\"elementor-divider-separator\">\n\t\t\t\t\t\t<\/span>\n\t\t<\/div>\n\t\t\t\t\t\t<\/div>\n\t\t\t\t<\/div>\n\t\t\t\t<\/div>\n\t\t\t\t\t<\/div>\n\t\t\t\t<\/div>\n\t\t<div class=\"elementor-element elementor-element-d168aad e-grid e-con-boxed e-con e-parent\" data-id=\"d168aad\" data-element_type=\"container\">\n\t\t\t\t\t<div class=\"e-con-inner\">\n\t\t<div class=\"elementor-element elementor-element-b9f1c16 e-con-full e-flex e-con e-child\" data-id=\"b9f1c16\" data-element_type=\"container\">\n\t\t\t\t<div class=\"elementor-element elementor-element-3f6f5bc elementor-widget elementor-widget-heading\" data-id=\"3f6f5bc\" data-element_type=\"widget\" data-widget_type=\"heading.default\">\n\t\t\t\t<div class=\"elementor-widget-container\">\n\t\t\t\t\t<h2 class=\"elementor-heading-title elementor-size-default\">BPC DANI\u015eMANI<\/h2>\t\t\t\t<\/div>\n\t\t\t\t<\/div>\n\t\t\t\t<div class=\"elementor-element elementor-element-9276261 elementor-widget elementor-widget-text-editor\" data-id=\"9276261\" data-element_type=\"widget\" data-widget_type=\"text-editor.default\">\n\t\t\t\t<div class=\"elementor-widget-container\">\n\t\t\t\t\t\t\t\t\t<p>Metric, g\u00f6sterdi\u011fi ba\u015far\u0131l\u0131 performas\u0131 ile SAP\u2019nin SAP BusinessObjects \u00e7\u00f6z\u00fcmlerinde \u201cGold Partner\u201d stat\u00fcs\u00fcn\u00fc kazanan ilk \u00e7\u00f6z\u00fcm orta\u011f\u0131d\u0131r.<\/p><p>Ana felsefesi \u00e7al\u0131\u015fan memnuniyeti olan Metric Teknoloji yeni ekip arkada\u015flar\u0131 aramaktad\u0131r.<\/p><p><strong>Ki\u015fisel \u00d6zellikler:<\/strong><\/p><ol><li>Kurumsal performans y\u00f6netimi ve i\u015f analiti\u011fi alan\u0131nda en az 2 y\u0131ll\u0131k deneyimi olan<\/li><li>\u0130leti\u015fim g\u00fcc\u00fc y\u00fcksek<\/li><li>Ekip \u00e7al\u0131\u015fmas\u0131na yatk\u0131n<\/li><li>Sorumluluk almak isteyen<\/li><li>Yenilik\u00e7i ve s\u00fcrekli geli\u015fime a\u00e7\u0131k<\/li><li>\u0130yi derece ingilizce bilen<\/li><li>Erkek adaylar i\u00e7in askerlik hizmetini tamamlam\u0131\u015f, ya da en az 3 y\u0131l tecilli<\/li><\/ol><p><strong>Genel Nitelikler<\/strong><\/p><ol><li>SAP Business Planning and Consolidation uygulamas\u0131 ile proje tecr\u00fcbesi olan<\/li><li>Kurumsal b\u00fct\u00e7e s\u00fcre\u00e7leri (Sat\u0131\u015f Planlamas\u0131, \u00dcretim Planlama, Sat\u0131nalma Planlama, \u00dcretim Maliyetlendirme, Genel Gider Planlama, Yat\u0131r\u0131m ve Amortisman Planlama, Kredi ve Finansman Planlama, Karl\u0131l\u0131k Y\u00f6netimi, Mali Tablo Planlama) ile ilgili bilgi sahibi<\/li><li>SAP Business Warehouse, SAP BPS, SAP BI-IP konular\u0131nda bilgi sabihi olan<\/li><li>Tercihen Script Logic, FOX ve ABAP dillerini bilen.<\/li><li>Tercihen SAP ERP FI\/CO mod\u00fcllerinde bilgi sahibi<\/li><\/ol><p><strong>\u0130\u015f Tan\u0131m\u0131:<\/strong><\/p><p>Bu pozisyon i\u00e7in arad\u0131\u011f\u0131m\u0131z ekip arkada\u015flar\u0131m\u0131z SAP B\u00fct\u00e7e Planlama ve Finansal Konsolidasyon projelerinde a\u015fa\u011f\u0131daki s\u00fcre\u00e7lerde g\u00f6rev alacaklard\u0131r.<\/p><ol><li>\u0130\u015f ihtiya\u00e7lar\u0131n\u0131n belirlenmesi<\/li><li>Kurumsal Performans y\u00f6netimi alt yap\u0131s\u0131n\u0131n tasarlanmas\u0131<\/li><li>\u00c7\u00f6z\u00fcm\u00fcn geli\u015ftirilmesi ve uyarlanmas\u0131<\/li><li>Proje sonras\u0131 destek verilmesi<\/li><\/ol><p>Ba\u015fvurular\u0131n\u0131z i\u00e7in <a href=\"mailto:tugce.akgul@metric.net\">tugce.akgul@metric.net<\/a> mail adresine \u00f6zge\u00e7mi\u015finizi iletebilirsiniz.<\/p>\t\t\t\t\t\t\t\t<\/div>\n\t\t\t\t<\/div>\n\t\t\t\t<\/div>\n\t\t<div class=\"elementor-element elementor-element-a385c2e e-con-full e-flex e-con e-child\" data-id=\"a385c2e\" data-element_type=\"container\">\n\t\t\t\t<div class=\"elementor-element elementor-element-09aeefd elementor-widget elementor-widget-heading\" data-id=\"09aeefd\" data-element_type=\"widget\" data-widget_type=\"heading.default\">\n\t\t\t\t<div class=\"elementor-widget-container\">\n\t\t\t\t\t<h2 class=\"elementor-heading-title elementor-size-default\">BW DANI\u015eMANI<\/h2>\t\t\t\t<\/div>\n\t\t\t\t<\/div>\n\t\t\t\t<div class=\"elementor-element elementor-element-cc558a1 elementor-widget elementor-widget-text-editor\" data-id=\"cc558a1\" data-element_type=\"widget\" data-widget_type=\"text-editor.default\">\n\t\t\t\t<div class=\"elementor-widget-container\">\n\t\t\t\t\t\t\t\t\t<p><strong>Genel Nitelikler<\/strong><\/p><ol><li>\u00dcniversitelerin 4 y\u0131ll\u0131k m\u00fchendislik b\u00f6l\u00fcmlerinden mezun (tercihen End\u00fcstri, \u0130\u015fletme, Bilgisayar, Matematik M\u00fchendisli\u011fi vb.),<\/li><li>Ekip \u00e7al\u0131\u015fmas\u0131na yatk\u0131n,<\/li><li>Sunum yetene\u011fi g\u00fc\u00e7l\u00fc,<\/li><li>Zaman y\u00f6netiminde ba\u015far\u0131l\u0131,<\/li><li>Ara\u015ft\u0131rmac\u0131 ve sorumluluk sahibi, ileti\u015fim becerileri y\u00fcksek, kendini geli\u015ftirmeye a\u00e7\u0131k<\/li><li>Ekip \u00e7al\u0131\u015fmas\u0131n\u0131 seven ve e\u015f zamanl\u0131 olarak farkl\u0131 projelerde g\u00f6rev alabilecek,<\/li><li>H\u0131zl\u0131 ve analitik d\u00fc\u015f\u00fcnebilen,<\/li><li>Problem \u00e7\u00f6zme becerisine ve sonu\u00e7 odakl\u0131 \u00e7al\u0131\u015fma anlay\u0131\u015f\u0131na sahip,<\/li><li>\u0130yi derecede \u0130ngilizce bilen,<\/li><li>Esnek \u00e7al\u0131\u015fma saatlerine uyum sa\u011flayabilecek,<\/li><li>Yurt i\u00e7i ve yurt d\u0131\u015f\u0131 seyahat engeli olmayan,<\/li><\/ol><p><strong>Tercih Sebebi Nitelikler:<\/strong><\/p><p>En az 2 BW projesinde g\u00f6rev alm\u0131\u015f ve BW\/BO mod\u00fcllerinde kendini geli\u015ftirmek isteyen adaylar tercih edilecektir.<\/p><p><strong>\u0130\u015f Tan\u0131m\u0131:<\/strong><\/p><ol><li>Projelerde SAP BW mod\u00fcl\u00fc uyarlama dan\u0131\u015fmanl\u0131\u011f\u0131 yapmak,<\/li><li>Yeni mod\u00fclleri (BO gibi) \u00f6\u011frenme konusunda sorumluluk \u00fcstlenmek,<\/li><li>\u0130htiya\u00e7lara y\u00f6nelik SAP BW ara\u00e7lar\u0131 ile projenin ger\u00e7ekle\u015ftirilmesi<\/li><li>Ba\u015fka bir mod\u00fclde tecr\u00fcbesi varsa, ilgili mod\u00fclde m\u00fc\u015fteri projelerinde g\u00f6rev almak<\/li><li>Analiz \u00e7al\u0131\u015fmalar\u0131n\u0131n y\u00fcr\u00fct\u00fclmesi, ihtiya\u00e7lar\u0131n eksiksiz tespit edilmesi.<\/li><li>Projenin test a\u015famas\u0131nda yer al\u0131nmas\u0131, gerekli e\u011fitimlerin verilmesi,<\/li><li>Canl\u0131ya ge\u00e7i\u015f sonras\u0131 projeye destek verilmesi.<\/li><\/ol><p>Ba\u015fvurular\u0131n\u0131z i\u00e7in <a href=\"mailto:tugce.akgul@metric.net\">tugce.akgul@metric.net<\/a> mail adresine \u00f6zge\u00e7mi\u015finizi iletebilirsiniz.<\/p>\t\t\t\t\t\t\t\t<\/div>\n\t\t\t\t<\/div>\n\t\t\t\t<\/div>\n\t\t<div class=\"elementor-element elementor-element-cf985b3 e-con-full e-flex e-con e-child\" data-id=\"cf985b3\" data-element_type=\"container\">\n\t\t\t\t<div class=\"elementor-element elementor-element-78baec9 elementor-widget elementor-widget-heading\" data-id=\"78baec9\" data-element_type=\"widget\" data-widget_type=\"heading.default\">\n\t\t\t\t<div class=\"elementor-widget-container\">\n\t\t\t\t\t<h2 class=\"elementor-heading-title elementor-size-default\">\u0130\u015e ZEKASI DANI\u015eMANI<\/h2>\t\t\t\t<\/div>\n\t\t\t\t<\/div>\n\t\t\t\t<div class=\"elementor-element elementor-element-29c961f elementor-widget elementor-widget-text-editor\" data-id=\"29c961f\" data-element_type=\"widget\" data-widget_type=\"text-editor.default\">\n\t\t\t\t<div class=\"elementor-widget-container\">\n\t\t\t\t\t\t\t\t\t<p><strong>Genel Nitelikler<\/strong><\/p><p>Metric, g\u00f6sterdi\u011fi ba\u015far\u0131l\u0131 performas\u0131 ile SAP\u2019nin SAP BusinessObjects \u00e7\u00f6z\u00fcmlerinde \u201c Gold Partner \u201c stat\u00fcs\u00fcn\u00fc kazanan ilk \u00e7\u00f6z\u00fcm orta\u011f\u0131d\u0131r.<\/p><p>Ana felsefesi \u00e7al\u0131\u015fan memnuniyeti olan Metric Teknology, yeni ekip arkada\u015flar\u0131 aramaktad\u0131r.<\/p><p><strong>Ki\u015fisel \u00d6zellikler:<\/strong><\/p><ol><li>\u0130\u015f zekas\u0131 alan\u0131na ilgi duyan ve bu alanda kendisini geli\u015ftirmek isteyen,<\/li><li>\u0130leti\u015fim g\u00fcc\u00fc y\u00fcksek,<\/li><li>Ekip \u00e7al\u0131\u015fmas\u0131na yatk\u0131n,<\/li><li>Sorumluluk almak isteyen,<\/li><li>Yenilik\u00e7i ve s\u00fcrekli geli\u015fime a\u00e7\u0131k,<\/li><li>Challenge arayan,<\/li><li>\u0130yi derece ingilizce bilen,<\/li><li>Erkek adaylar i\u00e7in askerlik hizmetini tamamlam\u0131\u015f, ya da en az 3 y\u0131l tecilli,<\/li><\/ol><p><strong>Teknik Nitelikler:<\/strong><\/p><p>\u0130\u015f zekas\u0131 ve\/veya Veri Ambar\u0131 kavramlar\u0131na a\u015fina,<\/p><p>SQL, PL\/SQL bilgisi olan,<\/p><p>Oracle , Microsoft SQL Server ,Sybase,DB2 veri taban\u0131 uygulamalar\u0131ndan en az birinde bilgi sahibi,<\/p><p><strong>Tercih Sebebi Nitelikler:<\/strong><\/p><ol><li>Herhangi bir Veri Ambar\u0131 , \u0130\u015f Zekas\u0131, Raporlama, ETL \u00e7\u00f6z\u00fcmleri hakk\u0131nda bilgi sahibi olmas\u0131 (SAP BusinessObjects,IBM Cognos, Oracle BI ,Microsoft BI ,MicroStrategy vb.),<\/li><li>Crystal Reports ile proje tecr\u00fcbesi olmas\u0131,<\/li><li>Windows \/ Unix \/ Linux i\u015fletim sistemleri hakk\u0131nda bilgi sahibi,<\/li><li>Java programlama diline hakimiyet,en az 1 proje tecr\u00fcbesi,<\/li><\/ol><p><strong>\u0130\u015f Tan\u0131m\u0131:<\/strong><\/p><p>Bu pozisyon i\u00e7in arad\u0131\u011f\u0131m\u0131z ekip arkada\u015flar\u0131m\u0131z SAP BusinesObjects projelerinde a\u015fa\u011f\u0131daki s\u00fcre\u00e7lerde g\u00f6rev alacaklard\u0131r.<\/p><ol><li>\u0130\u015f ihtiya\u00e7lar\u0131n\u0131n belirlenmesi,<\/li><li>\u0130\u015f Zekas\u0131 alt yap\u0131s\u0131n\u0131n tasarlanmas\u0131,<\/li><li>\u00c7\u00f6z\u00fcm\u00fcn geli\u015ftirilmesi ve uyarlanmas\u0131,<\/li><li>Proje sonras\u0131 destek verilmesi.<\/li><\/ol><p>Ba\u015fvurular\u0131n\u0131z i\u00e7in <a href=\"mailto:tugce.akgul@metric.net\">tugce.akgul@metric.net<\/a> mail adresine \u00f6zge\u00e7mi\u015finizi iletebilirsiniz.<\/p>\t\t\t\t\t\t\t\t<\/div>\n\t\t\t\t<\/div>\n\t\t\t\t<\/div>\n\t\t<div class=\"elementor-element elementor-element-9ec352f e-con-full e-flex e-con e-child\" data-id=\"9ec352f\" data-element_type=\"container\">\n\t\t\t\t<div class=\"elementor-element elementor-element-5b3cff2 elementor-widget elementor-widget-heading\" data-id=\"5b3cff2\" data-element_type=\"widget\" data-widget_type=\"heading.default\">\n\t\t\t\t<div class=\"elementor-widget-container\">\n\t\t\t\t\t<h2 class=\"elementor-heading-title elementor-size-default\">METR\u0130C AKADEM\u0130 STAJ PROGRAMI<\/h2>\t\t\t\t<\/div>\n\t\t\t\t<\/div>\n\t\t\t\t<div class=\"elementor-element elementor-element-68331cf elementor-widget elementor-widget-text-editor\" data-id=\"68331cf\" data-element_type=\"widget\" data-widget_type=\"text-editor.default\">\n\t\t\t\t<div class=\"elementor-widget-container\">\n\t\t\t\t\t\t\t\t\t<p><strong>Genel Nitelikler<\/strong><\/p><ol><li>\u00dcniversitelerin Bilgisayar \/Matematik \/\u0130\u015fletme \/ Yazl\u0131m M\u00fchendisli\u011fi b\u00f6l\u00fcmlerinin son s\u0131n\u0131f\u0131nda okuyan ya da yeni mezun,<\/li><li>Haftada en az 4 g\u00fcn devam edebilecek,<\/li><li>\u0130yi derecede \u0130ngilizce bilen,<\/li><li>Ara\u015ft\u0131rmac\u0131,<\/li><li>Sorumluluk almak isteyen,<\/li><li>Yenilik\u00e7i ve s\u00fcrekli geli\u015fime a\u00e7\u0131k,<\/li><li>Ekip \u00e7al\u0131\u015fmas\u0131na uygun.<\/li><\/ol><p><strong>\u0130\u015f Tan\u0131m\u0131:<\/strong><\/p><p>Programa kat\u0131lan adaylar\u0131n yetenekleri do\u011frultusunda \u0130\u015f Zekas\u0131\/Veri Ambar\u0131\/Yaz\u0131l\u0131m\/Kurumsal Performans Y\u00f6netimi alanlar\u0131na y\u00f6nlendirilerek, olu\u015fturulan e\u011fitim program\u0131 kapsam\u0131nda geli\u015fimi sa\u011flanacak olup, projelerde g\u00f6rev verilecektir.<\/p><p>Ba\u015fvurular\u0131n\u0131z i\u00e7in <a href=\"mailto:tugce.akgul@metric.net\">tugce.akgul@metric.net<\/a> mail adresine \u00f6zge\u00e7mi\u015finizi iletebilirsiniz.<\/p>\t\t\t\t\t\t\t\t<\/div>\n\t\t\t\t<\/div>\n\t\t\t\t<\/div>\n\t\t<div class=\"elementor-element elementor-element-203b14e e-con-full e-flex e-con e-child\" data-id=\"203b14e\" data-element_type=\"container\">\n\t\t\t\t<div class=\"elementor-element elementor-element-cf2dd56 elementor-widget elementor-widget-heading\" data-id=\"cf2dd56\" data-element_type=\"widget\" data-widget_type=\"heading.default\">\n\t\t\t\t<div class=\"elementor-widget-container\">\n\t\t\t\t\t<h2 class=\"elementor-heading-title elementor-size-default\">JAVA YAZILIM UZMANI<\/h2>\t\t\t\t<\/div>\n\t\t\t\t<\/div>\n\t\t\t\t<div class=\"elementor-element elementor-element-8ecc6a7 elementor-widget elementor-widget-text-editor\" data-id=\"8ecc6a7\" data-element_type=\"widget\" data-widget_type=\"text-editor.default\">\n\t\t\t\t<div class=\"elementor-widget-container\">\n\t\t\t\t\t\t\t\t\t<p><strong>Genel Nitelikler<\/strong><\/p><p>Metric, g\u00f6sterdi\u011fi ba\u015far\u0131l\u0131 performas\u0131 ile SAP\u2019nin SAP BusinessObjects \u00e7\u00f6z\u00fcmlerinde \u201cGold Partner\u201d stat\u00fcs\u00fcn\u00fc kazanan ilk \u00e7\u00f6z\u00fcm orta\u011f\u0131d\u0131r.<\/p><p>Ana felsefesi \u00e7al\u0131\u015fan memnuniyeti olan Metric Teknoloji yeni ekip arkada\u015flar\u0131 aramaktad\u0131r.<\/p><p><strong>Ki\u015fisel \u00d6zellikler:<\/strong><\/p><ol><li>\u0130leti\u015fim g\u00fcc\u00fc y\u00fcksek,<\/li><li>Ekip \u00e7al\u0131\u015fmas\u0131na yatk\u0131n,<\/li><li>Sorumluluk almak isteyen,<\/li><li>Yenilik\u00e7i ve s\u00fcrekli geli\u015fime a\u00e7\u0131k,<\/li><li>Challenge arayan,<\/li><li>\u0130yi derece ingilizce bilen,<\/li><li>Erkek adaylar i\u00e7in askerlik hizmetini tamamlam\u0131\u015f, ya da en az 3 y\u0131l tecilli.<\/li><\/ol><p><strong>Teknik Nitelikler:<\/strong><\/p><p>Adaylar\u0131n A\u015fa\u011f\u0131daki konularda en az 3 y\u0131l deneyimli olmas\u0131 beklenmektedir.<\/p><ol><li>JAVA \/ J2EE, Eclipse, NetBeans, CVS, SVN tecr\u00fcbesi,<\/li><li>JSF, JSP, JSF, Struts, Spring, Hibernate, EJB, Junit, Ajax, Seam konular\u0131na hakim,<\/li><li>Weblogic, WAS (WebSphere), Tomcat Application Server lar\u0131ndan en az birinde tecr\u00fcbeli,<\/li><li>HTML, XHTML, XML, Web Servisleri CSS, JavaScript konular\u0131nda uzman,<\/li><li>\u0130yi derecede SQL, PL \/ SQL bilgisi olan,<\/li><li>Oracle, Microsoft SQL Server, Sybase, DB2 veri taban\u0131 uygulamalar\u0131ndan en az birinde bilgi sahibi.<\/li><\/ol><p><strong>Tercih Sebebi Nitelikler:<\/strong><\/p><ol><li>\u0130\u015f zekas\u0131 ve \/ veya Veri Ambar\u0131 kavramlar\u0131na a\u015fina,<\/li><li>Herhangi bir Veri Ambar\u0131 , \u0130\u015f Zekas\u0131, Raporlama, ETL \u00e7\u00f6z\u00fcmleri hakk\u0131nda bilgi sahibi olmas\u0131 (SAP BusinessObjects, IBM Cognos, Oracle BI, Microsoft BI, MicroStrategy vb.),<\/li><li>Crystal Reports ile proje tecr\u00fcbesi olmas\u0131,<\/li><li>Windows \/ Unix \/ Linux i\u015fletim sistemleri hakk\u0131nda bilgi sahibi.<\/li><\/ol><p><strong>\u0130\u015f tan\u0131m\u0131:<\/strong><\/p><p>Bu pozisyon i\u00e7in arad\u0131\u011f\u0131m\u0131z ekip arkada\u015flar\u0131m\u0131z SAP BusinesObjects projelerinde Yaz\u0131l\u0131m Geli\u015ftirme Uzman\u0131 olarak g\u00f6rev alacaklard\u0131r.<\/p><p>Ba\u015fvurular\u0131n\u0131z i\u00e7in <a href=\"mailto:tugce.akgul@metric.net\">tugce.akgul@metric.net<\/a> mail adresine \u00f6zge\u00e7mi\u015finizi iletebilirsiniz.<\/p>\t\t\t\t\t\t\t\t<\/div>\n\t\t\t\t<\/div>\n\t\t\t\t<\/div>\n\t\t<div class=\"elementor-element elementor-element-5aad92f e-con-full e-flex e-con e-child\" data-id=\"5aad92f\" data-element_type=\"container\">\n\t\t\t\t<div class=\"elementor-element elementor-element-ad2c6e5 elementor-widget elementor-widget-heading\" data-id=\"ad2c6e5\" data-element_type=\"widget\" data-widget_type=\"heading.default\">\n\t\t\t\t<div class=\"elementor-widget-container\">\n\t\t\t\t\t<h2 class=\"elementor-heading-title elementor-size-default\">VER\u0130 AMBARI UZMANI<\/h2>\t\t\t\t<\/div>\n\t\t\t\t<\/div>\n\t\t\t\t<div class=\"elementor-element elementor-element-626a25b elementor-widget elementor-widget-text-editor\" data-id=\"626a25b\" data-element_type=\"widget\" data-widget_type=\"text-editor.default\">\n\t\t\t\t<div class=\"elementor-widget-container\">\n\t\t\t\t\t\t\t\t\t<p><strong>Genel nitelikler:<\/strong><\/p><ul><li>\u00dcniversitelerin ilgili b\u00f6l\u00fcmlerinden mezun,<\/li><li>Minimum 3 senelik Veri Ambar\u0131\/ETL\/BI\/Raporlama\/OLAP Tecr\u00fcbesi olan,<\/li><li>SAP BO, Cognos, MicroStrategy, Qlikview BI veya benzeri uygulamardan biri ile \u00e7al\u0131\u015fma deneyimi olan,<\/li><li>\u0130yi derecede SQL ve PL\/SQL bilgisine sahip,<\/li><li>Analitik, problem \u00e7\u00f6zme yetene\u011fine ve sonu\u00e7 odakl\u0131 \u00e7al\u0131\u015fma anlay\u0131\u015f\u0131na sahip,<\/li><li>Ekip \u00e7al\u0131\u015fmas\u0131na yatk\u0131n, yo\u011fun i\u015f temposunda \u00e7al\u0131\u015fabilen, sorumluluk sahibi ve ileti\u015fimi kuvvetli,<\/li><li>\u00c7ok iyi derecede \u0130ngilizce bilen,<\/li><li>Datawarehouse (\u00f6zellikle SQL Server) tasar\u0131m\u0131, y\u00f6netimi ve bak\u0131m\u0131 konusunda tecr\u00fcbeli<\/li><\/ul><p><strong><br>\u0130\u015f tan\u0131m\u0131:<br><\/strong><\/p><ul><li>Kurumsal Veri Ambar\u0131 ve \u0130\u015f Zekas\u0131 projelerimizde analiz, tasar\u0131m ve geli\u015ftirme s\u00fcre\u00e7lerinin ger\u00e7ekle\u015ftirilmesi,<\/li><li>\u0130\u015f ihtiya\u00e7lar\u0131n\u0131n analiz edilmesi ve bunlar\u0131n \u0130\u015f Zekas\u0131 s\u00fcre\u00e7lerine d\u00f6n\u00fc\u015ft\u00fcr\u00fclmesi,<\/li><li>Veri modellerinin dizayn\u0131, ETL veya Veri Kalitesi s\u00fcre\u00e7lerinin geli\u015ftirilmesi ve dok\u00fcmantasyonu,<\/li><li>Mevcut Veri Ambar\u0131 \u00fczerinde geli\u015ftirmelerin yap\u0131lmas\u0131<\/li><\/ul><p>Ba\u015fvurular\u0131n\u0131z i\u00e7in <a href=\"mailto:tugce.akgul@metric.net\">tugce.akgul@metric.net<\/a> mail adresine \u00f6zge\u00e7mi\u015finizi iletebilirsiniz.<\/p>\t\t\t\t\t\t\t\t<\/div>\n\t\t\t\t<\/div>\n\t\t\t\t<\/div>\n\t\t\t\t\t<\/div>\n\t\t\t\t<\/div>\n\t\t\t\t<\/div>\n\t\t","protected":false},"excerpt":{"rendered":"<p>Career Metric Software and Consulting Career BPC DANI\u015eMANI Metric, g\u00f6sterdi\u011fi ba\u015far\u0131l\u0131 performas\u0131 ile SAP\u2019nin SAP BusinessObjects \u00e7\u00f6z\u00fcmlerinde \u201cGold Partner\u201d stat\u00fcs\u00fcn\u00fc kazanan ilk \u00e7\u00f6z\u00fcm orta\u011f\u0131d\u0131r. Ana felsefesi \u00e7al\u0131\u015fan memnuniyeti olan Metric Teknoloji yeni ekip arkada\u015flar\u0131 aramaktad\u0131r. Ki\u015fisel \u00d6zellikler: Kurumsal performans y\u00f6netimi ve i\u015f analiti\u011fi alan\u0131nda en az 2 y\u0131ll\u0131k deneyimi olan \u0130leti\u015fim g\u00fcc\u00fc y\u00fcksek Ekip \u00e7al\u0131\u015fmas\u0131na [&hellip;]<\/p>\n","protected":false},"author":1,"featured_media":0,"parent":0,"menu_order":0,"comment_status":"closed","ping_status":"closed","template":"","meta":{"footnotes":""},"class_list":["post-1948","page","type-page","status-publish","hentry"],"_links":{"self":[{"href":"https:\/\/metric.net\/en\/wp-json\/wp\/v2\/pages\/1948","targetHints":{"allow":["GET"]}}],"collection":[{"href":"https:\/\/metric.net\/en\/wp-json\/wp\/v2\/pages"}],"about":[{"href":"https:\/\/metric.net\/en\/wp-json\/wp\/v2\/types\/page"}],"author":[{"embeddable":true,"href":"https:\/\/metric.net\/en\/wp-json\/wp\/v2\/users\/1"}],"replies":[{"embeddable":true,"href":"https:\/\/metric.net\/en\/wp-json\/wp\/v2\/comments?post=1948"}],"version-history":[{"count":1,"href":"https:\/\/metric.net\/en\/wp-json\/wp\/v2\/pages\/1948\/revisions"}],"predecessor-version":[{"id":1949,"href":"https:\/\/metric.net\/en\/wp-json\/wp\/v2\/pages\/1948\/revisions\/1949"}],"wp:attachment":[{"href":"https:\/\/metric.net\/en\/wp-json\/wp\/v2\/media?parent=1948"}],"curies":[{"name":"wp","href":"https:\/\/api.w.org\/{rel}","templated":true}]}}