{"id":1354,"date":"2025-03-02T20:12:46","date_gmt":"2025-03-02T20:12:46","guid":{"rendered":"https:\/\/metric.net\/?page_id=1354"},"modified":"2025-04-14T17:20:27","modified_gmt":"2025-04-14T17:20:27","slug":"corporate-privacy-notice-regarding-processing-of-personal-data","status":"publish","type":"page","link":"https:\/\/metric.net\/en\/corporate-privacy-notice-regarding-processing-of-personal-data\/","title":{"rendered":"Corporate Privacy Notice Regarding Processing Of Personal Data"},"content":{"rendered":"\t\t<div data-elementor-type=\"wp-page\" data-elementor-id=\"1354\" class=\"elementor elementor-1354 elementor-3\" data-elementor-post-type=\"page\">\n\t\t\t\t<div class=\"elementor-element elementor-element-86c055 e-flex e-con-boxed e-con e-parent\" data-id=\"86c055\" data-element_type=\"container\">\n\t\t\t\t\t<div class=\"e-con-inner\">\n\t\t\t\t<div class=\"elementor-element elementor-element-73c310f elementor-widget elementor-widget-spacer\" data-id=\"73c310f\" data-element_type=\"widget\" data-widget_type=\"spacer.default\">\n\t\t\t\t<div class=\"elementor-widget-container\">\n\t\t\t\t\t\t\t<div class=\"elementor-spacer\">\n\t\t\t<div class=\"elementor-spacer-inner\"><\/div>\n\t\t<\/div>\n\t\t\t\t\t\t<\/div>\n\t\t\t\t<\/div>\n\t\t\t\t<div class=\"elementor-element elementor-element-2fc80d64 elementor-widget elementor-widget-text-editor\" data-id=\"2fc80d64\" data-element_type=\"widget\" data-widget_type=\"text-editor.default\">\n\t\t\t\t<div class=\"elementor-widget-container\">\n\t\t\t\t\t\t\t\t\t<h1><strong>Corporate Privacy Notice Regarding Processing Of Personal Data<\/strong><\/h1><p>This privacy notice is intended to inform the Visitors, Online Visitors, Clients, Potential Clients, Supplier Employees, Supplier Officers of Metrik Bilgisayar Yaz\u0131l\u0131m Dan\u0131\u015fmanl\u0131k Servis San. Tic. Ltd. \u015eti. regarding processing, retention and transfer of their personal data with respect to the activities to be conducted under the Personal Data Protection Law no. 6698 (the \u201cPDPL\u201d) and relevant regulations and legal requirements.<\/p><h3><strong>1. Categories of Personal Data to be Processed and Purposes of Processing<\/strong><\/h3><p>Metrik may process your personal data in order to fulfil the following purposes under the existing business relationships with its business partners (<em>more than one<\/em>\u00a0<em>category might apply to a single individual<\/em>) with due regard for article 4.2 of the PDPL which provides for:<\/p><p>\u00a0<\/p><p><strong>(i)<\/strong>\u00a0Processing in line with the law and principles of integrity,<\/p><p><strong>(ii)<\/strong>\u00a0Ensuring accuracy and up-to-dateness of the personal data if necessary,<\/p><p><strong>(iii)<\/strong>\u00a0Processing for specific, explicit and legitimate reasons,<\/p><p><strong>(iv)<\/strong>\u00a0Ensuring any processing is moderate, connected and limited to the purpose of processing,<\/p><p><strong>(v)<\/strong>\u00a0Ensuring retention of personal data to the extent provided in the relevant regulation or required for the purpose of processing.<\/p><h4><strong>A. Visitors<\/strong><\/h4><p>Our visitors\u2019\u00a0<u>physical space security information<\/u>\u00a0(<strong><em>e.g.<\/em><\/strong><em>\u00a0CCTV footage<\/em>) shall be processed for:<\/p><p>a) promoting security of the applicable physical spaces.<\/p><h4><strong>B. Online Visitors<\/strong><\/h4><p>Regarding the use of our website, our online visitors\u2019\u00a0<u>process security information<\/u>\u00a0<em>(<strong>e.g<\/strong><\/em><strong><em>.<\/em><\/strong><em>\u00a0IP address)<\/em>,\u00a0<u>marketing information<\/u>\u00a0<em>(<strong>e.g<\/strong><\/em><strong><em>.<\/em><\/strong><em>\u00a0cookie settings)<\/em>\u00a0and\u00a0<em>(to the extent you disclose to us*)<\/em>\u00a0<u>identification details<\/u>,\u00a0<u>contact information<\/u>\u00a0<em>(<strong>e.g<\/strong><\/em><strong><em>.<\/em><\/strong><em>\u00a0e-mail address)<\/em>\u00a0might be processed for:<\/p><ol><li>performing activities in line with the regulations,<\/li><li>performing information security processes,<\/li><li>monitoring requests\/complaints,<\/li><li>conducting communication activities,<\/li><li>furnishing information to authorized individuals, institutions and organizations,<\/li><li>enabling your access to our website on the internet.<\/li><\/ol><h4><strong>C. Clients<\/strong><\/h4><p>With respect to our clients who are real persons or officers and\/or employees of legal persons, their\u00a0<u>identification details<\/u>,\u00a0<u>contact information<\/u>,\u00a0<u>client transaction details<\/u>\u00a0<em>(<strong>e.g.<\/strong>\u00a0order details)<\/em>,\u00a0<u>physical space security information<\/u>,\u00a0<u>financial data<\/u>\u00a0<em>(<strong>e.g.<\/strong>\u00a0balance sheet)<\/em>,\u00a0<u>information about legal processes<\/u>,\u00a0<u>marketing information<\/u>\u00a0<em>(<strong>e.g.<\/strong>\u00a0shopping history)<\/em>\u00a0shall be processed for:<strong>\u00a0 \u00a0 \u00a0 \u00a0<\/strong><\/p><ol><li>performing activities in line with the regulations,<\/li><li>performing financial and accounting tasks,<\/li><li>performing\/auditing business activities,<\/li><li>conducting logistics activities,<\/li><li>performing after-sales support services,<\/li><li>executing sales processes for goods\/services,<\/li><li>undertaking marketing analyses,<\/li><li>executing contractual processes,<\/li><li>furnishing information to authorized individuals, institutions and organizations,<\/li><li>promoting security of the applicable physical spaces,<\/li><li>resolving legal disputes,<\/li><li>undertaking retention and archiving processes,<\/li><li>undertaking risk management processes,<\/li><li>conducting advertisement\/campaign\/promotion activities,<\/li><li>steering processes for promoting loyalty to the company\/products\/services,<\/li><li>conducting communication activities.<\/li><\/ol><h4><strong>D. Potential Clients<\/strong><\/h4><p>With respect to our clients who are real persons or officers and\/or employees of legal persons, their\u00a0<u>identification details<\/u>,\u00a0<u>contact information<\/u>,\u00a0<u>client transaction details<\/u>,\u00a0<u>physical space security information<\/u><strong>,\u00a0<\/strong><u>marketing information<\/u>\u00a0shall be processed for:<\/p><ol><li>executing sales processes for goods\/services,<\/li><li>executing contractual processes,<\/li><li>promoting security of the applicable physical spaces,<\/li><li>conducting advertisement\/campaign\/promotion activities,<\/li><li>undertaking marketing analyses.<\/li><\/ol><h4><strong>E. Supplier Employee<\/strong><\/h4><p>Supplier employee\u2019s\u00a0<u>identification details<\/u>,\u00a0<u>contact information<\/u>,\u00a0<u>physical space security information<\/u>,\u00a0<u>information about professional experience\u00a0<em>(e.g. on-the-job training)<\/em><\/u>\u00a0shall be processed for:<\/p><ol><li>conducting communication activities,<\/li><li>performing\/auditing business activities,<\/li><li>promoting security of the applicable physical spaces,<\/li><li>conducting supply chain management processes,<\/li><li>conducting logistics activities,<\/li><li>performing activities in line with the regulations,<\/li><li>performing occupational health\/safety activities.<\/li><\/ol><p><strong>F. Supplier Officer\u00a0<\/strong><\/p><p>With respect to suppliers who are real persons or officers of legal entities, their\u00a0<u>identification details<\/u>,\u00a0<u>contact information<\/u>,\u00a0<u>physical space security information<\/u>,\u00a0<u>client transaction details<\/u>,\u00a0<u>financial data<\/u>,\u00a0<u>marketing information, information about legal processes<\/u>\u00a0shall be processed for:<\/p><ol><li>performing\/auditing business activities,<\/li><li>executing sales processes for goods\/services,<\/li><li>performing financial and accounting tasks,<\/li><li>executing contractual processes,<\/li><li>administering investment processes,<\/li><li>promoting security of the applicable physical spaces,<\/li><li>litigations and legal proceedings.<\/li><\/ol><h3><strong>2. Methods for Collecting Personal Data<\/strong><\/h3><p>The personal data indicated in the aforementioned categories shall be collected through physical means such as purchasing order forms, contracts and visitor forms or IT systems and electronic devices\u00a0<em>(e.g. telecommunication infrastructure, computer and phones)<\/em>, third parties\u00a0<em>(e.g. KKB and Findeks)<\/em>, our website and other automatic or non-automatic methods by means of other documentation presented by the data subject.<\/p><h3><strong>3. Legal Justification for Collecting Personal Data<\/strong><\/h3><p>Metrik may process your personal data in line with the legal requirements as provided in article 5 of the PDPL in order to fulfil the purposes provided above to the extent that:<\/p><p>\u00a0<\/p><p><strong>(i)\u00a0<\/strong>It is explicitly provided in the laws,<\/p><p><strong>(ii)<\/strong>\u00a0It is necessary to process the personal data of the parties to a contract provided that any such processing shall be directly related to the execution or performance of the contract,<\/p><p><strong>(iii)<\/strong>\u00a0It is essential for the data controller to fulfil its legal obligations,<\/p><p><strong>(iv)<\/strong>\u00a0Processing of personal data is required for creation, use or protection of any right,<\/p><p><strong>(v)<\/strong>\u00a0The relevant processing is required for legitimate interests of the data controller provided that the fundamental rights and freedoms of the data subject are not impaired.<\/p><p>\u00a0<\/p><p>If the processing is not based on one of the legal reasons indicated above, we shall receive your explicit consent to process your personal data.<\/p><h3><strong>\u00a04.\u00a0<\/strong><strong>Transfer of Personal Data to Third Parties<\/strong><\/h3><p><strong>a) Personal data of our visitors\u00a0<\/strong>might be disclosed to law enforcement agencies and judicial authorities for settlement of legal disputes and upon request under the applicable laws.<\/p><p><strong>b) Personal data of our online visitors\u00a0<\/strong>might be disclosed to law enforcement agencies and judicial authorities for settlement of legal disputes and upon request under the applicable laws.<\/p><p><strong>c) Personal data of our clients\u00a0<\/strong>shall be disclosed to the competent public authorities and institutions for performance of activities in line with the legal regulations, conducting and following legal processes and informing authorized individuals, institutions and organizations as necessary and to our group companies, suppliers, cargo companies, insurers, banks and financial advisors to the extent required for performing\/auditing business activities, conducting risk management processes and providing services as necessary. Also, the relevant personal data might be disclosed to the contracted law office and judicial authorities in order to constitute evidence in case of potential legal disputes in the future.<\/p><p><strong>d) Personal data of our potential clients\u00a0<\/strong>might be disclosed to the contracted law office and judicial authorities in order to constitute evidence in case of potential legal disputes in the future.<\/p><p><strong>e) Personal data of supplier employees\u00a0<\/strong>shall be disclosed to the competent public authorities and institutions for performance of activities in line with the legal regulations, conducting and following legal processes, informing authorized individuals, institutions and organizations as necessary and performing\/auditing business activities and to our group companies, suppliers, cargo companies, insurers, banks and financial advisors to the extent required for providing services as necessary. Also, the relevant personal data might be disclosed to the contracted law office and judicial authorities in order to constitute evidence in case of potential legal disputes in the future.<\/p><p><strong>f) Personal data of supplier officers\u00a0<\/strong>shall be disclosed to the competent public authorities and institutions for performance of activities in line with the legal regulations, conducting and following legal processes, informing authorized individuals, institutions and organizations as necessary and performing\/auditing business activities and to our group companies, suppliers, cargo companies, insurers, banks and financial advisors to the extent required for providing services as necessary. Also, the relevant personal data might be disclosed to the contracted law office and judicial authorities in order to constitute evidence in case of potential legal disputes in the future.<\/p><h3><strong>5. Use of Data Subject Rights<\/strong><\/h3><p>If you wish to exercise any of your rights under article 11 of the PDPL, please file an application to Metrik by using the \u201cApplication Form for Data Subjects\u201d which is available on \u201c<a href=\"https:\/\/www.metric.net\/\">www.metric.net<\/a>\u201d in order to facilitate application processes under the \u201cCommuniqu\u00e9 on Principles and Procedures Regarding Applications to Data Controllers\u201d.<\/p><p>\u00a0<\/p><p><strong>Data Controller:\u00a0<\/strong><strong>\u00a0<\/strong>Metrik Bilgisayar Yaz\u0131l\u0131m Dan\u0131\u015fmanl\u0131k Servis San. Tic. Ltd. \u015eti.<\/p><p><strong>Address:<\/strong>\u00a0\u0130\u00e7erenk\u00f6y Mah. \u00c7ay\u0131r Cad. Sayar \u0130\u015f Merk. No:11 K:3 Ata\u015fehir \u2013 \u0130stanbul<\/p><p><strong>E-mail:<\/strong>\u00a0info@metric.net<\/p>\t\t\t\t\t\t\t\t<\/div>\n\t\t\t\t<\/div>\n\t\t\t\t<div class=\"elementor-element elementor-element-ab13861 elementor-widget elementor-widget-spacer\" data-id=\"ab13861\" data-element_type=\"widget\" data-widget_type=\"spacer.default\">\n\t\t\t\t<div class=\"elementor-widget-container\">\n\t\t\t\t\t\t\t<div class=\"elementor-spacer\">\n\t\t\t<div class=\"elementor-spacer-inner\"><\/div>\n\t\t<\/div>\n\t\t\t\t\t\t<\/div>\n\t\t\t\t<\/div>\n\t\t\t\t\t<\/div>\n\t\t\t\t<\/div>\n\t\t\t\t<\/div>\n\t\t","protected":false},"excerpt":{"rendered":"<p>Corporate Privacy Notice Regarding Processing Of Personal Data This privacy notice is intended to inform the Visitors, Online Visitors, Clients, Potential Clients, Supplier Employees, Supplier Officers of Metrik Bilgisayar Yaz\u0131l\u0131m Dan\u0131\u015fmanl\u0131k Servis San. Tic. Ltd. \u015eti. regarding processing, retention and transfer of their personal data with respect to the activities to be conducted under the [&hellip;]<\/p>\n","protected":false},"author":1,"featured_media":0,"parent":0,"menu_order":0,"comment_status":"closed","ping_status":"closed","template":"","meta":{"footnotes":""},"class_list":["post-1354","page","type-page","status-publish","hentry"],"_links":{"self":[{"href":"https:\/\/metric.net\/en\/wp-json\/wp\/v2\/pages\/1354","targetHints":{"allow":["GET"]}}],"collection":[{"href":"https:\/\/metric.net\/en\/wp-json\/wp\/v2\/pages"}],"about":[{"href":"https:\/\/metric.net\/en\/wp-json\/wp\/v2\/types\/page"}],"author":[{"embeddable":true,"href":"https:\/\/metric.net\/en\/wp-json\/wp\/v2\/users\/1"}],"replies":[{"embeddable":true,"href":"https:\/\/metric.net\/en\/wp-json\/wp\/v2\/comments?post=1354"}],"version-history":[{"count":7,"href":"https:\/\/metric.net\/en\/wp-json\/wp\/v2\/pages\/1354\/revisions"}],"predecessor-version":[{"id":1362,"href":"https:\/\/metric.net\/en\/wp-json\/wp\/v2\/pages\/1354\/revisions\/1362"}],"wp:attachment":[{"href":"https:\/\/metric.net\/en\/wp-json\/wp\/v2\/media?parent=1354"}],"curies":[{"name":"wp","href":"https:\/\/api.w.org\/{rel}","templated":true}]}}