{"id":1313,"date":"2025-03-10T16:25:43","date_gmt":"2025-03-10T16:25:43","guid":{"rendered":"https:\/\/metric.net\/?page_id=1313"},"modified":"2025-04-27T14:05:15","modified_gmt":"2025-04-27T14:05:15","slug":"privacy-notice-regarding-the-personal-data-processed","status":"publish","type":"page","link":"https:\/\/metric.net\/en\/privacy-notice-regarding-the-personal-data-processed\/","title":{"rendered":"Privacy Notice Regarding the Personal Data Processed under the Communication Form"},"content":{"rendered":"\t\t<div data-elementor-type=\"wp-page\" data-elementor-id=\"1313\" class=\"elementor elementor-1313 elementor-74\" data-elementor-post-type=\"page\">\n\t\t\t\t<div class=\"elementor-element elementor-element-86c055 e-flex e-con-boxed e-con e-parent\" data-id=\"86c055\" data-element_type=\"container\">\n\t\t\t\t\t<div class=\"e-con-inner\">\n\t\t\t\t<div class=\"elementor-element elementor-element-73c310f elementor-widget elementor-widget-spacer\" data-id=\"73c310f\" data-element_type=\"widget\" data-widget_type=\"spacer.default\">\n\t\t\t\t<div class=\"elementor-widget-container\">\n\t\t\t\t\t\t\t<div class=\"elementor-spacer\">\n\t\t\t<div class=\"elementor-spacer-inner\"><\/div>\n\t\t<\/div>\n\t\t\t\t\t\t<\/div>\n\t\t\t\t<\/div>\n\t\t\t\t<div class=\"elementor-element elementor-element-2fc80d64 elementor-widget elementor-widget-text-editor\" data-id=\"2fc80d64\" data-element_type=\"widget\" data-widget_type=\"text-editor.default\">\n\t\t\t\t<div class=\"elementor-widget-container\">\n\t\t\t\t\t\t\t\t\t<h2><strong>Privacy Notice Regarding the Personal Data Processed under the Communication Form<\/strong><\/h2><p><strong>Metrik Bilgisayar Yaz\u0131l\u0131m Dan\u0131\u015fmanl\u0131k Servis San. Tic. Ltd. \u015eti. (\u201cMetrik\u201d)<\/strong>, acting as a data controller, presents this privacy notice to your attention in order to inform you about the purposes of processing of your personal data, legal justifications for processing, methods of collection, recipients and your rights under the Personal Data Protection Law no. 6698 (the \u201cPDPL\u201d) in order to comply with article 10 of the PDPL and the Communiqu\u00e9 on Principles and Procedures to be Applicable for Fulfilment of Disclosure Obligation.<\/p><p>Your personal data such as name and e-mail address to be provided in the communication form shall be used for conducting necessary activities to provide corporate services and products, executing relevant business practices and contacting you about your request. Please note that we shall not exert absolute control over the information which might be provided in this form. We recommend you not to disclose your personal data and special categories of personal data to the Company if you do not wish us to learn the relevant data.<\/p><p>The personal data shall be processed automatically to the extent \u201cthe relevant processing is required for legitimate interests of the data controller provided that the fundamental rights and freedoms of the data subject are not impaired\u201d and \u201cit is essential for the data controller to fulfil its legal obligations\u201d as provided in article 5 of the PDPL and disclosed to relevant judicial authorities solely for settlement of legal disputes.<\/p><p>Should you intend to exercise any of the rights provided in article 11 of the PDPL, please make sure to submit your written application to\u00a0<strong>Metrik Bilgisayar Yaz\u0131l\u0131m Dan\u0131\u015fmanl\u0131k Servis San. Tic. Ltd. \u015eti.\u00a0<\/strong>at the address of\u00a0<strong>\u0130\u00e7erenk\u00f6y Mah. \u00c7ay\u0131r Cad. Sayar \u0130\u015f Merk. No:11 K:3 Ata\u015fehir\/\u0130STANBUL<\/strong>\u00a0or send an e-mail to\u00a0<strong>info@metric.net<\/strong>\u00a0in line with the \u201cCommuniqu\u00e9 on Principles and Procedures Regarding Applications to Data Controllers\u201d.<\/p><p>You may use the application form which is provided on our website for further facilitating the process.\u00a0<a href=\"https:\/\/metric.net\/wp-content\/uploads\/2025\/04\/Application-Form-for-Data-Subject.pdf\"><u>Click here to review the form.<\/u><\/a><\/p>\t\t\t\t\t\t\t\t<\/div>\n\t\t\t\t<\/div>\n\t\t\t\t<div class=\"elementor-element elementor-element-ab13861 elementor-widget elementor-widget-spacer\" data-id=\"ab13861\" data-element_type=\"widget\" data-widget_type=\"spacer.default\">\n\t\t\t\t<div class=\"elementor-widget-container\">\n\t\t\t\t\t\t\t<div class=\"elementor-spacer\">\n\t\t\t<div class=\"elementor-spacer-inner\"><\/div>\n\t\t<\/div>\n\t\t\t\t\t\t<\/div>\n\t\t\t\t<\/div>\n\t\t\t\t\t<\/div>\n\t\t\t\t<\/div>\n\t\t\t\t<\/div>\n\t\t","protected":false},"excerpt":{"rendered":"<p>Privacy Notice Regarding the Personal Data Processed under the Communication Form Metrik Bilgisayar Yaz\u0131l\u0131m Dan\u0131\u015fmanl\u0131k Servis San. Tic. Ltd. \u015eti. (\u201cMetrik\u201d), acting as a data controller, presents this privacy notice to your attention in order to inform you about the purposes of processing of your personal data, legal justifications for processing, methods of collection, recipients [&hellip;]<\/p>\n","protected":false},"author":1,"featured_media":0,"parent":0,"menu_order":0,"comment_status":"closed","ping_status":"open","template":"","meta":{"footnotes":""},"class_list":["post-1313","page","type-page","status-publish","hentry"],"_links":{"self":[{"href":"https:\/\/metric.net\/en\/wp-json\/wp\/v2\/pages\/1313","targetHints":{"allow":["GET"]}}],"collection":[{"href":"https:\/\/metric.net\/en\/wp-json\/wp\/v2\/pages"}],"about":[{"href":"https:\/\/metric.net\/en\/wp-json\/wp\/v2\/types\/page"}],"author":[{"embeddable":true,"href":"https:\/\/metric.net\/en\/wp-json\/wp\/v2\/users\/1"}],"replies":[{"embeddable":true,"href":"https:\/\/metric.net\/en\/wp-json\/wp\/v2\/comments?post=1313"}],"version-history":[{"count":7,"href":"https:\/\/metric.net\/en\/wp-json\/wp\/v2\/pages\/1313\/revisions"}],"predecessor-version":[{"id":1322,"href":"https:\/\/metric.net\/en\/wp-json\/wp\/v2\/pages\/1313\/revisions\/1322"}],"wp:attachment":[{"href":"https:\/\/metric.net\/en\/wp-json\/wp\/v2\/media?parent=1313"}],"curies":[{"name":"wp","href":"https:\/\/api.w.org\/{rel}","templated":true}]}}