{"id":1285,"date":"2025-03-10T16:15:10","date_gmt":"2025-03-10T16:15:10","guid":{"rendered":"https:\/\/metric.net\/?page_id=1285"},"modified":"2025-04-14T13:00:50","modified_gmt":"2025-04-14T13:00:50","slug":"cookies-policy","status":"publish","type":"page","link":"https:\/\/metric.net\/en\/cookies-policy\/","title":{"rendered":"Cookies Policy"},"content":{"rendered":"\t\t<div data-elementor-type=\"wp-page\" data-elementor-id=\"1285\" class=\"elementor elementor-1285 elementor-57\" data-elementor-post-type=\"page\">\n\t\t\t\t<div class=\"elementor-element elementor-element-86c055 e-flex e-con-boxed e-con e-parent\" data-id=\"86c055\" data-element_type=\"container\">\n\t\t\t\t\t<div class=\"e-con-inner\">\n\t\t\t\t<div class=\"elementor-element elementor-element-73c310f elementor-widget elementor-widget-spacer\" data-id=\"73c310f\" data-element_type=\"widget\" data-widget_type=\"spacer.default\">\n\t\t\t\t<div class=\"elementor-widget-container\">\n\t\t\t\t\t\t\t<div class=\"elementor-spacer\">\n\t\t\t<div class=\"elementor-spacer-inner\"><\/div>\n\t\t<\/div>\n\t\t\t\t\t\t<\/div>\n\t\t\t\t<\/div>\n\t\t\t\t<div class=\"elementor-element elementor-element-2fc80d64 elementor-widget elementor-widget-text-editor\" data-id=\"2fc80d64\" data-element_type=\"widget\" data-widget_type=\"text-editor.default\">\n\t\t\t\t<div class=\"elementor-widget-container\">\n\t\t\t\t\t\t\t\t\t<h2><strong>Compliance with PDPL Regarding the Use of Cookies on the Website<\/strong><\/h2>\n<p><strong>Metrik Bilgisayar Yaz\u0131l\u0131m Dan\u0131\u015fmanl\u0131k Servis San. Tic. Ltd. \u015eti. (\u201cMetrik\u201d)\u00a0<\/strong>uses cookies in order to make its websites more user-friendly and further improve your user experience. If you do not want us to use cookies, you may delete or disable the cookies through the settings of your browser or by following the steps which are provided in detail below. Please note, however, that this might affect the proper use of our websites. We will assume that you accept the use of cookies on our websites unless you modify the cookie settings on your browser. Please see the\u00a0<strong>Privacy Notice<\/strong>\u00a0in order to learn more about the data to be collected.<\/p>\n<p>Cookies are intended to customize our websites, improve our services and provide better services to you. There are three types of cookies:<\/p>\n<p><strong>Session cookies:\u00a0<\/strong>These are temporary cookies which shall be deleted once you close down the browser. In other words, they are not persistent. These cookies are used for promoting security and sustainability of our websites as well as your own security while surfing on our website.<\/p>\n<p><strong>Persistent cookies:<\/strong>\u00a0These cookies are maintained in sub-folders of your browser until you take action or the term designated for the cookies expire. Persistent cookies are used for remembering your information and settings when you visit our website in the future.<\/p>\n<p><strong>First and third party cookies:<\/strong>\u00a0First party cookies are directly used by our website. Third party cookies, on the other hand, refer to cookies installed on your computer by other domains.<\/p>\n<p><strong>Strictly necessary cookies:<\/strong>\u00a0These are anonymous cookies which are essential for the proper operation and use of www.metric.net.<\/p>\n<p><strong>Functionality and analytics cookies:<\/strong>\u00a0We also use functionality cookies to remember your settings and improve your surfing experience in addition to analytics cookies which are meant to establish which pages and sources are more popular with the users by reviewing the website traffic so that we can adapt our services to those trends. These are also anonymous cookies.<\/p>\n<p><strong>Metrik<\/strong>\u00a0website or mobile web uses both strictly necessary cookies and functionality and analytics cookies.<\/p>\n<p>\u00a0<\/p>\n<p><strong>The websites use the following cookies in addition to the strictly necessary and first party cookies:<\/strong><\/p>\n<p><strong>Google Analytics:<\/strong>\u00a0This is a web analysis tool used for analysing how visitors engage with our websites. Your browser sends some anonymous information as well as certain personal data regarding your use of the website (name, address, e-mail address, IP address) to Google so that the relevant data might be processed by Google.<\/p>\n<p><strong>DoubleClick:\u00a0<\/strong>This is a web analysis tool used for analysing how visitors engage with our websites. Your browser sends some anonymous information as well as certain personal data regarding your use of the website (name, address, e-mail address, IP address) to Google so that the relevant data might be processed by Google.<\/p>\n<p>Users may follow the instructions provided in \u201chelp\u201d folder of their web browsers or visit \u201c<a href=\"http:\/\/www.allaboutcookies.org\/\" target=\"_blank\" rel=\"noopener\">www.allaboutcookies.org\u00a0<\/a>\u201d or \u201c<a href=\"http:\/\/www.youronlinechoices.eu\/\" target=\"_blank\" rel=\"noopener\">www.youronlinechoices.eu\u00a0<\/a>\u201d in order to disable persistent cookies and reject both session and persistent cookies. If users reject persistent cookies or session cookies, they may continue to use the relevant website or mobile web although they may not be able to have access to all functions of the website or there might be some restrictions regarding the use of the platform.<\/p>\n<div class=\"vc_row wpb_row vc_row-fluid\" data-token=\"mvVAW\">\n<div class=\"wpb_column vc_column_container vc_col-sm-12\">\n<div class=\"vc_column-inner\">\n<div class=\"wpb_wrapper\">\n<div class=\"wpb_text_column wpb_content_element \">\n<div class=\"wpb_wrapper\">\n<h1><strong>How to Delete Cookies?<\/strong><\/h1>\n<p>Most cookies are easy to delete. All you need to do is to select your browser and to follow the instructions.<\/p>\n<p>\u200b<strong>Chrome<\/strong><\/p>\n<ol>\n<li>Press Ctrl + Shift + Delete on your keyboard.<\/li>\n<li>Select a time range.<\/li>\n<li>Check \u2018Cookies and other site data\u2019.<\/li>\n<li>Click on \u201cClear data\u201d button.<\/li>\n<\/ol>\n<\/div>\n<\/div>\n<\/div>\n<\/div>\n<\/div>\n<\/div>\t\t\t\t\t\t\t\t<\/div>\n\t\t\t\t<\/div>\n\t\t\t\t<div class=\"elementor-element elementor-element-08756d2 elementor-widget elementor-widget-image\" data-id=\"08756d2\" data-element_type=\"widget\" data-widget_type=\"image.default\">\n\t\t\t\t<div class=\"elementor-widget-container\">\n\t\t\t\t\t\t\t\t\t\t\t\t\t\t\t<img fetchpriority=\"high\" decoding=\"async\" width=\"521\" height=\"559\" src=\"https:\/\/metric.net\/wp-content\/uploads\/2025\/03\/chrome.jpg\" class=\"attachment-full size-full wp-image-1100\" alt=\"\" srcset=\"https:\/\/metric.net\/wp-content\/uploads\/2025\/03\/chrome.jpg 521w, https:\/\/metric.net\/wp-content\/uploads\/2025\/03\/chrome-280x300.jpg 280w\" sizes=\"(max-width: 521px) 100vw, 521px\" \/>\t\t\t\t\t\t\t\t\t\t\t\t\t\t\t<\/div>\n\t\t\t\t<\/div>\n\t\t\t\t<div class=\"elementor-element elementor-element-4f31451 elementor-widget elementor-widget-text-editor\" data-id=\"4f31451\" data-element_type=\"widget\" data-widget_type=\"text-editor.default\">\n\t\t\t\t<div class=\"elementor-widget-container\">\n\t\t\t\t\t\t\t\t\t<h4><strong>Firefox<\/strong><\/h4>\n<ol>\n<li>Press Ctrl + Shift + Delete on your keyboard.<\/li>\n<li>Select a time range to clear.<\/li>\n<li>Check \u2018Cookies\u2019.<\/li>\n<li>Click on \u201cClear now\u201d button.<\/li>\n<\/ol>\t\t\t\t\t\t\t\t<\/div>\n\t\t\t\t<\/div>\n\t\t\t\t<div class=\"elementor-element elementor-element-6e598ff elementor-widget elementor-widget-image\" data-id=\"6e598ff\" data-element_type=\"widget\" data-widget_type=\"image.default\">\n\t\t\t\t<div class=\"elementor-widget-container\">\n\t\t\t\t\t\t\t\t\t\t\t\t\t\t\t<img decoding=\"async\" width=\"415\" height=\"410\" src=\"https:\/\/metric.net\/wp-content\/uploads\/2025\/03\/firefox.jpg\" class=\"attachment-full size-full wp-image-1101\" alt=\"\" srcset=\"https:\/\/metric.net\/wp-content\/uploads\/2025\/03\/firefox.jpg 415w, https:\/\/metric.net\/wp-content\/uploads\/2025\/03\/firefox-300x296.jpg 300w\" sizes=\"(max-width: 415px) 100vw, 415px\" \/>\t\t\t\t\t\t\t\t\t\t\t\t\t\t\t<\/div>\n\t\t\t\t<\/div>\n\t\t\t\t<div class=\"elementor-element elementor-element-907186f elementor-widget elementor-widget-text-editor\" data-id=\"907186f\" data-element_type=\"widget\" data-widget_type=\"text-editor.default\">\n\t\t\t\t<div class=\"elementor-widget-container\">\n\t\t\t\t\t\t\t\t\t<p><strong>Safari<\/strong><\/p>\n<ol>\n<li>Select Preferences from Safari menu.<\/li>\n<li>Go to Privacy tab.<\/li>\n<li>Click on \u2018Manage website data\u2019.<\/li>\n<li>Click on \u2018Removal All\u2019.<\/li>\n<\/ol>\t\t\t\t\t\t\t\t<\/div>\n\t\t\t\t<\/div>\n\t\t\t\t<div class=\"elementor-element elementor-element-8350f5a elementor-widget elementor-widget-image\" data-id=\"8350f5a\" data-element_type=\"widget\" data-widget_type=\"image.default\">\n\t\t\t\t<div class=\"elementor-widget-container\">\n\t\t\t\t\t\t\t\t\t\t\t\t\t\t\t<img decoding=\"async\" width=\"600\" height=\"391\" src=\"https:\/\/metric.net\/wp-content\/uploads\/2025\/03\/safari.jpg\" class=\"attachment-full size-full wp-image-1102\" alt=\"\" srcset=\"https:\/\/metric.net\/wp-content\/uploads\/2025\/03\/safari.jpg 600w, https:\/\/metric.net\/wp-content\/uploads\/2025\/03\/safari-300x196.jpg 300w\" sizes=\"(max-width: 600px) 100vw, 600px\" \/>\t\t\t\t\t\t\t\t\t\t\t\t\t\t\t<\/div>\n\t\t\t\t<\/div>\n\t\t\t\t<div class=\"elementor-element elementor-element-9c141e1 elementor-widget elementor-widget-text-editor\" data-id=\"9c141e1\" data-element_type=\"widget\" data-widget_type=\"text-editor.default\">\n\t\t\t\t<div class=\"elementor-widget-container\">\n\t\t\t\t\t\t\t\t\t<h4><strong>Edge<\/strong><\/h4>\n<ol>\n<li>Press Ctrl + Shift + Delete on your keyboard.<\/li>\n<li>Check \u2018Cookies and saved website data\u2019.<\/li>\n<li>Click on \u201cClear\u201d button.<\/li>\n<\/ol>\t\t\t\t\t\t\t\t<\/div>\n\t\t\t\t<\/div>\n\t\t\t\t<div class=\"elementor-element elementor-element-200e17d elementor-widget elementor-widget-image\" data-id=\"200e17d\" data-element_type=\"widget\" data-widget_type=\"image.default\">\n\t\t\t\t<div class=\"elementor-widget-container\">\n\t\t\t\t\t\t\t\t\t\t\t\t\t\t\t<img loading=\"lazy\" decoding=\"async\" width=\"370\" height=\"697\" src=\"https:\/\/metric.net\/wp-content\/uploads\/2025\/03\/edge.jpg\" class=\"attachment-full size-full wp-image-1103\" alt=\"\" srcset=\"https:\/\/metric.net\/wp-content\/uploads\/2025\/03\/edge.jpg 370w, https:\/\/metric.net\/wp-content\/uploads\/2025\/03\/edge-159x300.jpg 159w\" sizes=\"(max-width: 370px) 100vw, 370px\" \/>\t\t\t\t\t\t\t\t\t\t\t\t\t\t\t<\/div>\n\t\t\t\t<\/div>\n\t\t\t\t<div class=\"elementor-element elementor-element-a645198 elementor-widget elementor-widget-text-editor\" data-id=\"a645198\" data-element_type=\"widget\" data-widget_type=\"text-editor.default\">\n\t\t\t\t<div class=\"elementor-widget-container\">\n\t\t\t\t\t\t\t\t\t<h4><strong>Internet Explorer<\/strong><\/h4>\n<ol>\n<li>Press Ctrl + Shift + Delete on your keyboard.<\/li>\n<li>Check \u2018Cookies and website data\u2019. \u00a0\u00a0\u00a0\u00a0\u00a0akkasgroup.com<\/li>\n<li>Click on \u201cDelete\u201d button.<\/li>\n<\/ol>\t\t\t\t\t\t\t\t<\/div>\n\t\t\t\t<\/div>\n\t\t\t\t<div class=\"elementor-element elementor-element-ca4caf6 elementor-widget elementor-widget-image\" data-id=\"ca4caf6\" data-element_type=\"widget\" data-widget_type=\"image.default\">\n\t\t\t\t<div class=\"elementor-widget-container\">\n\t\t\t\t\t\t\t\t\t\t\t\t\t\t\t<img loading=\"lazy\" decoding=\"async\" width=\"394\" height=\"547\" src=\"https:\/\/metric.net\/wp-content\/uploads\/2025\/03\/ie.jpg\" class=\"attachment-full size-full wp-image-1104\" alt=\"\" srcset=\"https:\/\/metric.net\/wp-content\/uploads\/2025\/03\/ie.jpg 394w, https:\/\/metric.net\/wp-content\/uploads\/2025\/03\/ie-216x300.jpg 216w\" sizes=\"(max-width: 394px) 100vw, 394px\" \/>\t\t\t\t\t\t\t\t\t\t\t\t\t\t\t<\/div>\n\t\t\t\t<\/div>\n\t\t\t\t<div class=\"elementor-element elementor-element-ab13861 elementor-widget elementor-widget-spacer\" data-id=\"ab13861\" data-element_type=\"widget\" data-widget_type=\"spacer.default\">\n\t\t\t\t<div class=\"elementor-widget-container\">\n\t\t\t\t\t\t\t<div class=\"elementor-spacer\">\n\t\t\t<div class=\"elementor-spacer-inner\"><\/div>\n\t\t<\/div>\n\t\t\t\t\t\t<\/div>\n\t\t\t\t<\/div>\n\t\t\t\t\t<\/div>\n\t\t\t\t<\/div>\n\t\t\t\t<\/div>\n\t\t","protected":false},"excerpt":{"rendered":"<p>Compliance with PDPL Regarding the Use of Cookies on the Website Metrik Bilgisayar Yaz\u0131l\u0131m Dan\u0131\u015fmanl\u0131k Servis San. Tic. Ltd. \u015eti. (\u201cMetrik\u201d)\u00a0uses cookies in order to make its websites more user-friendly and further improve your user experience. If you do not want us to use cookies, you may delete or disable the cookies through the settings [&hellip;]<\/p>\n","protected":false},"author":1,"featured_media":0,"parent":0,"menu_order":0,"comment_status":"closed","ping_status":"open","template":"","meta":{"footnotes":""},"class_list":["post-1285","page","type-page","status-publish","hentry"],"_links":{"self":[{"href":"https:\/\/metric.net\/en\/wp-json\/wp\/v2\/pages\/1285","targetHints":{"allow":["GET"]}}],"collection":[{"href":"https:\/\/metric.net\/en\/wp-json\/wp\/v2\/pages"}],"about":[{"href":"https:\/\/metric.net\/en\/wp-json\/wp\/v2\/types\/page"}],"author":[{"embeddable":true,"href":"https:\/\/metric.net\/en\/wp-json\/wp\/v2\/users\/1"}],"replies":[{"embeddable":true,"href":"https:\/\/metric.net\/en\/wp-json\/wp\/v2\/comments?post=1285"}],"version-history":[{"count":5,"href":"https:\/\/metric.net\/en\/wp-json\/wp\/v2\/pages\/1285\/revisions"}],"predecessor-version":[{"id":1290,"href":"https:\/\/metric.net\/en\/wp-json\/wp\/v2\/pages\/1285\/revisions\/1290"}],"wp:attachment":[{"href":"https:\/\/metric.net\/en\/wp-json\/wp\/v2\/media?parent=1285"}],"curies":[{"name":"wp","href":"https:\/\/api.w.org\/{rel}","templated":true}]}}