{"id":1275,"date":"2025-03-17T15:59:16","date_gmt":"2025-03-17T15:59:16","guid":{"rendered":"https:\/\/metric.net\/success-stories\/"},"modified":"2025-05-20T11:27:04","modified_gmt":"2025-05-20T11:27:04","slug":"success-stories","status":"publish","type":"page","link":"https:\/\/metric.net\/en\/success-stories\/","title":{"rendered":"Success Stories"},"content":{"rendered":"\t\t<div data-elementor-type=\"wp-page\" data-elementor-id=\"1275\" class=\"elementor elementor-1275 elementor-438\" data-elementor-post-type=\"page\">\n\t\t\t\t<div class=\"elementor-element elementor-element-780dd192 e-flex e-con-boxed e-con e-parent\" data-id=\"780dd192\" data-element_type=\"container\">\n\t\t\t\t\t<div class=\"e-con-inner\">\n\t\t<div class=\"elementor-element elementor-element-68e41cb0 e-con-full e-flex e-con e-child\" data-id=\"68e41cb0\" data-element_type=\"container\">\n\t\t\t\t<div class=\"elementor-element elementor-element-41dc797a elementor-widget elementor-widget-heading\" data-id=\"41dc797a\" data-element_type=\"widget\" data-widget_type=\"heading.default\">\n\t\t\t\t<div class=\"elementor-widget-container\">\n\t\t\t\t\t<h1 class=\"elementor-heading-title elementor-size-default\">Success Stories<\/h1>\t\t\t\t<\/div>\n\t\t\t\t<\/div>\n\t\t\t\t<div class=\"elementor-element elementor-element-78d901d0 elementor-widget elementor-widget-text-editor\" data-id=\"78d901d0\" data-element_type=\"widget\" data-widget_type=\"text-editor.default\">\n\t\t\t\t<div class=\"elementor-widget-container\">\n\t\t\t\t\t\t\t\t\t<h2>Metric Software and Consulting Success Stories<\/h2>\t\t\t\t\t\t\t\t<\/div>\n\t\t\t\t<\/div>\n\t\t\t\t<div class=\"elementor-element elementor-element-b176dbd elementor-widget-divider--view-line elementor-widget elementor-widget-divider\" data-id=\"b176dbd\" data-element_type=\"widget\" data-widget_type=\"divider.default\">\n\t\t\t\t<div class=\"elementor-widget-container\">\n\t\t\t\t\t\t\t<div class=\"elementor-divider\">\n\t\t\t<span class=\"elementor-divider-separator\">\n\t\t\t\t\t\t<\/span>\n\t\t<\/div>\n\t\t\t\t\t\t<\/div>\n\t\t\t\t<\/div>\n\t\t\t\t<\/div>\n\t\t\t\t\t<\/div>\n\t\t\t\t<\/div>\n\t\t<div class=\"elementor-element elementor-element-373e114 e-flex e-con-boxed e-con e-parent\" data-id=\"373e114\" data-element_type=\"container\">\n\t\t\t\t\t<div class=\"e-con-inner\">\n\t\t\t\t<div class=\"elementor-element elementor-element-e656cdf elementor-widget elementor-widget-heading\" data-id=\"e656cdf\" data-element_type=\"widget\" data-widget_type=\"heading.default\">\n\t\t\t\t<div class=\"elementor-widget-container\">\n\t\t\t\t\t<h2 class=\"elementor-heading-title elementor-size-default\">SUCCESS STORIES<\/h2>\t\t\t\t<\/div>\n\t\t\t\t<\/div>\n\t\t\t\t<div class=\"elementor-element elementor-element-33cb75b elementor-widget-divider--view-line elementor-widget elementor-widget-divider\" data-id=\"33cb75b\" data-element_type=\"widget\" data-widget_type=\"divider.default\">\n\t\t\t\t<div class=\"elementor-widget-container\">\n\t\t\t\t\t\t\t<div class=\"elementor-divider\">\n\t\t\t<span class=\"elementor-divider-separator\">\n\t\t\t\t\t\t<\/span>\n\t\t<\/div>\n\t\t\t\t\t\t<\/div>\n\t\t\t\t<\/div>\n\t\t\t\t<div class=\"elementor-element elementor-element-07e3496 elementor-grid-4 elementor-grid-tablet-2 elementor-grid-mobile-1 elementor-widget elementor-widget-portfolio\" data-id=\"07e3496\" data-element_type=\"widget\" data-settings=\"{&quot;columns&quot;:&quot;4&quot;,&quot;masonry&quot;:&quot;yes&quot;,&quot;row_gap&quot;:{&quot;unit&quot;:&quot;px&quot;,&quot;size&quot;:4,&quot;sizes&quot;:[]},&quot;columns_tablet&quot;:&quot;2&quot;,&quot;columns_mobile&quot;:&quot;1&quot;,&quot;item_gap&quot;:{&quot;unit&quot;:&quot;px&quot;,&quot;size&quot;:&quot;&quot;,&quot;sizes&quot;:[]}}\" data-widget_type=\"portfolio.default\">\n\t\t\t\t<div class=\"elementor-widget-container\">\n\t\t\t\t\t\t\t<ul class=\"elementor-portfolio__filters\">\n\t\t\t<li class=\"elementor-portfolio__filter elementor-active\" tabindex=\"0\" data-filter=\"__all\">All<\/li>\n\t\t\t\t\t\t\t<li class=\"elementor-portfolio__filter\" tabindex=\"0\" data-filter=\"22\">FMCG<\/li>\n\t\t\t\t\t\t\t<li class=\"elementor-portfolio__filter\" tabindex=\"0\" data-filter=\"23\">Finance<\/li>\n\t\t\t\t\t\t\t<li class=\"elementor-portfolio__filter\" tabindex=\"0\" data-filter=\"25\">Insurance<\/li>\n\t\t\t\t\t\t\t<li class=\"elementor-portfolio__filter\" tabindex=\"0\" data-filter=\"24\">Others<\/li>\n\t\t\t\t\t\t\t<li class=\"elementor-portfolio__filter\" tabindex=\"0\" data-filter=\"26\">Production<\/li>\n\t\t\t\t\t<\/ul>\n\t\t\t\t<div class=\"elementor-portfolio elementor-grid elementor-posts-container\">\n\t\t\t\t<article class=\"elementor-portfolio-item elementor-post elementor-filter-22 post-1395 post type-post status-publish format-standard has-post-thumbnail hentry category-success-stories tag-fmcg\">\n\t\t\t<a class=\"elementor-post__thumbnail__link\" href=\"https:\/\/metric.net\/en\/uno\/\">\n\t\t\t\t<div class=\"elementor-portfolio-item__img elementor-post__thumbnail\">\n\t\t\t<img fetchpriority=\"high\" decoding=\"async\" width=\"1200\" height=\"800\" src=\"https:\/\/metric.net\/wp-content\/uploads\/2025\/03\/UNO-Basari-Hikayesi.jpg\" class=\"attachment-full size-full wp-image-1137\" alt=\"\" srcset=\"https:\/\/metric.net\/wp-content\/uploads\/2025\/03\/UNO-Basari-Hikayesi.jpg 1200w, https:\/\/metric.net\/wp-content\/uploads\/2025\/03\/UNO-Basari-Hikayesi-300x200.jpg 300w, https:\/\/metric.net\/wp-content\/uploads\/2025\/03\/UNO-Basari-Hikayesi-1024x683.jpg 1024w, https:\/\/metric.net\/wp-content\/uploads\/2025\/03\/UNO-Basari-Hikayesi-768x512.jpg 768w\" sizes=\"(max-width: 1200px) 100vw, 1200px\" \/>\t\t<\/div>\n\t\t\t\t<div class=\"elementor-portfolio-item__overlay\">\n\t\t\t\t<span class=\"elementor-portfolio-item__title\">\n\t\tUNO\t\t<\/span>\n\t\t\t\t<\/div>\n\t\t\t\t<\/a>\n\t\t<\/article>\n\t\t\t\t<article class=\"elementor-portfolio-item elementor-post elementor-filter-22 post-1456 post type-post status-publish format-standard has-post-thumbnail hentry category-success-stories tag-fmcg\">\n\t\t\t<a class=\"elementor-post__thumbnail__link\" href=\"https:\/\/metric.net\/en\/yildiz-holding\/\">\n\t\t\t\t<div class=\"elementor-portfolio-item__img elementor-post__thumbnail\">\n\t\t\t<img decoding=\"async\" width=\"1200\" height=\"800\" src=\"https:\/\/metric.net\/wp-content\/uploads\/2025\/03\/Metric-Basari-Hikayeleri.jpg\" class=\"attachment-full size-full wp-image-1136\" alt=\"\" srcset=\"https:\/\/metric.net\/wp-content\/uploads\/2025\/03\/Metric-Basari-Hikayeleri.jpg 1200w, https:\/\/metric.net\/wp-content\/uploads\/2025\/03\/Metric-Basari-Hikayeleri-300x200.jpg 300w, https:\/\/metric.net\/wp-content\/uploads\/2025\/03\/Metric-Basari-Hikayeleri-1024x683.jpg 1024w, https:\/\/metric.net\/wp-content\/uploads\/2025\/03\/Metric-Basari-Hikayeleri-768x512.jpg 768w\" sizes=\"(max-width: 1200px) 100vw, 1200px\" \/>\t\t<\/div>\n\t\t\t\t<div class=\"elementor-portfolio-item__overlay\">\n\t\t\t\t<span class=\"elementor-portfolio-item__title\">\n\t\tY\u0131ld\u0131z Holding\t\t<\/span>\n\t\t\t\t<\/div>\n\t\t\t\t<\/a>\n\t\t<\/article>\n\t\t\t\t<article class=\"elementor-portfolio-item elementor-post elementor-filter-23 post-1481 post type-post status-publish format-standard has-post-thumbnail hentry category-success-stories tag-finance\">\n\t\t\t<a class=\"elementor-post__thumbnail__link\" href=\"https:\/\/metric.net\/en\/vakifbank\/\">\n\t\t\t\t<div class=\"elementor-portfolio-item__img elementor-post__thumbnail\">\n\t\t\t<img decoding=\"async\" width=\"1200\" height=\"800\" src=\"https:\/\/metric.net\/wp-content\/uploads\/2025\/03\/vakifbank.jpg\" class=\"attachment-full size-full wp-image-1129\" alt=\"\" srcset=\"https:\/\/metric.net\/wp-content\/uploads\/2025\/03\/vakifbank.jpg 1200w, https:\/\/metric.net\/wp-content\/uploads\/2025\/03\/vakifbank-300x200.jpg 300w, https:\/\/metric.net\/wp-content\/uploads\/2025\/03\/vakifbank-1024x683.jpg 1024w, https:\/\/metric.net\/wp-content\/uploads\/2025\/03\/vakifbank-768x512.jpg 768w\" sizes=\"(max-width: 1200px) 100vw, 1200px\" \/>\t\t<\/div>\n\t\t\t\t<div class=\"elementor-portfolio-item__overlay\">\n\t\t\t\t<span class=\"elementor-portfolio-item__title\">\n\t\tVak\u0131fbank\t\t<\/span>\n\t\t\t\t<\/div>\n\t\t\t\t<\/a>\n\t\t<\/article>\n\t\t\t\t<article class=\"elementor-portfolio-item elementor-post elementor-filter-24 post-1490 post type-post status-publish format-standard has-post-thumbnail hentry category-success-stories tag-others\">\n\t\t\t<a class=\"elementor-post__thumbnail__link\" href=\"https:\/\/metric.net\/en\/g2m\/\">\n\t\t\t\t<div class=\"elementor-portfolio-item__img elementor-post__thumbnail\">\n\t\t\t<img loading=\"lazy\" decoding=\"async\" width=\"1200\" height=\"800\" src=\"https:\/\/metric.net\/wp-content\/uploads\/2025\/03\/g2m-Basari-Hikayesi.jpg\" class=\"attachment-full size-full wp-image-1142\" alt=\"\" srcset=\"https:\/\/metric.net\/wp-content\/uploads\/2025\/03\/g2m-Basari-Hikayesi.jpg 1200w, https:\/\/metric.net\/wp-content\/uploads\/2025\/03\/g2m-Basari-Hikayesi-300x200.jpg 300w, https:\/\/metric.net\/wp-content\/uploads\/2025\/03\/g2m-Basari-Hikayesi-1024x683.jpg 1024w, https:\/\/metric.net\/wp-content\/uploads\/2025\/03\/g2m-Basari-Hikayesi-768x512.jpg 768w\" sizes=\"(max-width: 1200px) 100vw, 1200px\" \/>\t\t<\/div>\n\t\t\t\t<div class=\"elementor-portfolio-item__overlay\">\n\t\t\t\t<span class=\"elementor-portfolio-item__title\">\n\t\tg2m\t\t<\/span>\n\t\t\t\t<\/div>\n\t\t\t\t<\/a>\n\t\t<\/article>\n\t\t\t\t<article class=\"elementor-portfolio-item elementor-post elementor-filter-23 post-1495 post type-post status-publish format-standard has-post-thumbnail hentry category-success-stories tag-finance\">\n\t\t\t<a class=\"elementor-post__thumbnail__link\" href=\"https:\/\/metric.net\/en\/is-bankasi\/\">\n\t\t\t\t<div class=\"elementor-portfolio-item__img elementor-post__thumbnail\">\n\t\t\t<img loading=\"lazy\" decoding=\"async\" width=\"1200\" height=\"800\" src=\"https:\/\/metric.net\/wp-content\/uploads\/2025\/03\/tc-is-bankasi.jpg\" class=\"attachment-full size-full wp-image-1128\" alt=\"\" srcset=\"https:\/\/metric.net\/wp-content\/uploads\/2025\/03\/tc-is-bankasi.jpg 1200w, https:\/\/metric.net\/wp-content\/uploads\/2025\/03\/tc-is-bankasi-300x200.jpg 300w, https:\/\/metric.net\/wp-content\/uploads\/2025\/03\/tc-is-bankasi-1024x683.jpg 1024w, https:\/\/metric.net\/wp-content\/uploads\/2025\/03\/tc-is-bankasi-768x512.jpg 768w\" sizes=\"(max-width: 1200px) 100vw, 1200px\" \/>\t\t<\/div>\n\t\t\t\t<div class=\"elementor-portfolio-item__overlay\">\n\t\t\t\t<span class=\"elementor-portfolio-item__title\">\n\t\t\u0130\u015f Bankas\u0131\t\t<\/span>\n\t\t\t\t<\/div>\n\t\t\t\t<\/a>\n\t\t<\/article>\n\t\t\t\t<article class=\"elementor-portfolio-item elementor-post elementor-filter-24 post-1500 post type-post status-publish format-standard has-post-thumbnail hentry category-success-stories tag-others\">\n\t\t\t<a class=\"elementor-post__thumbnail__link\" href=\"https:\/\/metric.net\/en\/tav-airports\/\">\n\t\t\t\t<div class=\"elementor-portfolio-item__img elementor-post__thumbnail\">\n\t\t\t<img loading=\"lazy\" decoding=\"async\" width=\"1200\" height=\"800\" src=\"https:\/\/metric.net\/wp-content\/uploads\/2025\/03\/TAV-Basari-Hikayesi.jpg\" class=\"attachment-full size-full wp-image-1141\" alt=\"\" srcset=\"https:\/\/metric.net\/wp-content\/uploads\/2025\/03\/TAV-Basari-Hikayesi.jpg 1200w, https:\/\/metric.net\/wp-content\/uploads\/2025\/03\/TAV-Basari-Hikayesi-300x200.jpg 300w, https:\/\/metric.net\/wp-content\/uploads\/2025\/03\/TAV-Basari-Hikayesi-1024x683.jpg 1024w, https:\/\/metric.net\/wp-content\/uploads\/2025\/03\/TAV-Basari-Hikayesi-768x512.jpg 768w\" sizes=\"(max-width: 1200px) 100vw, 1200px\" \/>\t\t<\/div>\n\t\t\t\t<div class=\"elementor-portfolio-item__overlay\">\n\t\t\t\t<span class=\"elementor-portfolio-item__title\">\n\t\tTAV Airports\t\t<\/span>\n\t\t\t\t<\/div>\n\t\t\t\t<\/a>\n\t\t<\/article>\n\t\t\t\t<article class=\"elementor-portfolio-item elementor-post elementor-filter-24 post-1505 post type-post status-publish format-standard has-post-thumbnail hentry category-success-stories tag-others\">\n\t\t\t<a class=\"elementor-post__thumbnail__link\" href=\"https:\/\/metric.net\/en\/istanbul-bilgi-university\/\">\n\t\t\t\t<div class=\"elementor-portfolio-item__img elementor-post__thumbnail\">\n\t\t\t<img loading=\"lazy\" decoding=\"async\" width=\"1200\" height=\"800\" src=\"https:\/\/metric.net\/wp-content\/uploads\/2025\/03\/Istanbul-Bilgi-Universitesi.jpg\" class=\"attachment-full size-full wp-image-1140\" alt=\"\" srcset=\"https:\/\/metric.net\/wp-content\/uploads\/2025\/03\/Istanbul-Bilgi-Universitesi.jpg 1200w, https:\/\/metric.net\/wp-content\/uploads\/2025\/03\/Istanbul-Bilgi-Universitesi-300x200.jpg 300w, https:\/\/metric.net\/wp-content\/uploads\/2025\/03\/Istanbul-Bilgi-Universitesi-1024x683.jpg 1024w, https:\/\/metric.net\/wp-content\/uploads\/2025\/03\/Istanbul-Bilgi-Universitesi-768x512.jpg 768w\" sizes=\"(max-width: 1200px) 100vw, 1200px\" \/>\t\t<\/div>\n\t\t\t\t<div class=\"elementor-portfolio-item__overlay\">\n\t\t\t\t<span class=\"elementor-portfolio-item__title\">\n\t\tIstanbul Bilgi University\t\t<\/span>\n\t\t\t\t<\/div>\n\t\t\t\t<\/a>\n\t\t<\/article>\n\t\t\t\t<article class=\"elementor-portfolio-item elementor-post elementor-filter-22 post-1510 post type-post status-publish format-standard has-post-thumbnail hentry category-success-stories tag-fmcg\">\n\t\t\t<a class=\"elementor-post__thumbnail__link\" href=\"https:\/\/metric.net\/en\/pepsico\/\">\n\t\t\t\t<div class=\"elementor-portfolio-item__img elementor-post__thumbnail\">\n\t\t\t<img loading=\"lazy\" decoding=\"async\" width=\"1200\" height=\"800\" src=\"https:\/\/metric.net\/wp-content\/uploads\/2025\/03\/pepsico.jpg\" class=\"attachment-full size-full wp-image-1135\" alt=\"\" srcset=\"https:\/\/metric.net\/wp-content\/uploads\/2025\/03\/pepsico.jpg 1200w, https:\/\/metric.net\/wp-content\/uploads\/2025\/03\/pepsico-300x200.jpg 300w, https:\/\/metric.net\/wp-content\/uploads\/2025\/03\/pepsico-1024x683.jpg 1024w, https:\/\/metric.net\/wp-content\/uploads\/2025\/03\/pepsico-768x512.jpg 768w\" sizes=\"(max-width: 1200px) 100vw, 1200px\" \/>\t\t<\/div>\n\t\t\t\t<div class=\"elementor-portfolio-item__overlay\">\n\t\t\t\t<span class=\"elementor-portfolio-item__title\">\n\t\tPepsiCo\t\t<\/span>\n\t\t\t\t<\/div>\n\t\t\t\t<\/a>\n\t\t<\/article>\n\t\t\t\t<article class=\"elementor-portfolio-item elementor-post elementor-filter-24 post-1515 post type-post status-publish format-standard has-post-thumbnail hentry category-success-stories tag-others\">\n\t\t\t<a class=\"elementor-post__thumbnail__link\" href=\"https:\/\/metric.net\/en\/santa-farma\/\">\n\t\t\t\t<div class=\"elementor-portfolio-item__img elementor-post__thumbnail\">\n\t\t\t<img loading=\"lazy\" decoding=\"async\" width=\"1200\" height=\"800\" src=\"https:\/\/metric.net\/wp-content\/uploads\/2025\/03\/Santa-Farma-Basari-Hikayesi.jpg\" class=\"attachment-full size-full wp-image-1139\" alt=\"\" srcset=\"https:\/\/metric.net\/wp-content\/uploads\/2025\/03\/Santa-Farma-Basari-Hikayesi.jpg 1200w, https:\/\/metric.net\/wp-content\/uploads\/2025\/03\/Santa-Farma-Basari-Hikayesi-300x200.jpg 300w, https:\/\/metric.net\/wp-content\/uploads\/2025\/03\/Santa-Farma-Basari-Hikayesi-1024x683.jpg 1024w, https:\/\/metric.net\/wp-content\/uploads\/2025\/03\/Santa-Farma-Basari-Hikayesi-768x512.jpg 768w\" sizes=\"(max-width: 1200px) 100vw, 1200px\" \/>\t\t<\/div>\n\t\t\t\t<div class=\"elementor-portfolio-item__overlay\">\n\t\t\t\t<span class=\"elementor-portfolio-item__title\">\n\t\tSanta Farma\t\t<\/span>\n\t\t\t\t<\/div>\n\t\t\t\t<\/a>\n\t\t<\/article>\n\t\t\t\t<article class=\"elementor-portfolio-item elementor-post elementor-filter-22 post-1520 post type-post status-publish format-standard has-post-thumbnail hentry category-success-stories tag-fmcg\">\n\t\t\t<a class=\"elementor-post__thumbnail__link\" href=\"https:\/\/metric.net\/en\/eti\/\">\n\t\t\t\t<div class=\"elementor-portfolio-item__img elementor-post__thumbnail\">\n\t\t\t<img loading=\"lazy\" decoding=\"async\" width=\"1200\" height=\"800\" src=\"https:\/\/metric.net\/wp-content\/uploads\/2025\/03\/eti-1.jpg\" class=\"attachment-full size-full wp-image-1134\" alt=\"\" srcset=\"https:\/\/metric.net\/wp-content\/uploads\/2025\/03\/eti-1.jpg 1200w, https:\/\/metric.net\/wp-content\/uploads\/2025\/03\/eti-1-300x200.jpg 300w, https:\/\/metric.net\/wp-content\/uploads\/2025\/03\/eti-1-1024x683.jpg 1024w, https:\/\/metric.net\/wp-content\/uploads\/2025\/03\/eti-1-768x512.jpg 768w\" sizes=\"(max-width: 1200px) 100vw, 1200px\" \/>\t\t<\/div>\n\t\t\t\t<div class=\"elementor-portfolio-item__overlay\">\n\t\t\t\t<span class=\"elementor-portfolio-item__title\">\n\t\tEti\t\t<\/span>\n\t\t\t\t<\/div>\n\t\t\t\t<\/a>\n\t\t<\/article>\n\t\t\t\t<article class=\"elementor-portfolio-item elementor-post elementor-filter-24 post-1525 post type-post status-publish format-standard has-post-thumbnail hentry category-success-stories tag-others\">\n\t\t\t<a class=\"elementor-post__thumbnail__link\" href=\"https:\/\/metric.net\/en\/bilkom\/\">\n\t\t\t\t<div class=\"elementor-portfolio-item__img elementor-post__thumbnail\">\n\t\t\t<img loading=\"lazy\" decoding=\"async\" width=\"1200\" height=\"800\" src=\"https:\/\/metric.net\/wp-content\/uploads\/2025\/03\/Bilkom-Basari-Hikayesi.jpg\" class=\"attachment-full size-full wp-image-1138\" alt=\"\" srcset=\"https:\/\/metric.net\/wp-content\/uploads\/2025\/03\/Bilkom-Basari-Hikayesi.jpg 1200w, https:\/\/metric.net\/wp-content\/uploads\/2025\/03\/Bilkom-Basari-Hikayesi-300x200.jpg 300w, https:\/\/metric.net\/wp-content\/uploads\/2025\/03\/Bilkom-Basari-Hikayesi-1024x683.jpg 1024w, https:\/\/metric.net\/wp-content\/uploads\/2025\/03\/Bilkom-Basari-Hikayesi-768x512.jpg 768w\" sizes=\"(max-width: 1200px) 100vw, 1200px\" \/>\t\t<\/div>\n\t\t\t\t<div class=\"elementor-portfolio-item__overlay\">\n\t\t\t\t<span class=\"elementor-portfolio-item__title\">\n\t\tBilkom\t\t<\/span>\n\t\t\t\t<\/div>\n\t\t\t\t<\/a>\n\t\t<\/article>\n\t\t\t\t<article class=\"elementor-portfolio-item elementor-post elementor-filter-22 post-1530 post type-post status-publish format-standard has-post-thumbnail hentry category-success-stories tag-fmcg\">\n\t\t\t<a class=\"elementor-post__thumbnail__link\" href=\"https:\/\/metric.net\/en\/british-american-tobacco\/\">\n\t\t\t\t<div class=\"elementor-portfolio-item__img elementor-post__thumbnail\">\n\t\t\t<img loading=\"lazy\" decoding=\"async\" width=\"1200\" height=\"800\" src=\"https:\/\/metric.net\/wp-content\/uploads\/2025\/03\/bat.jpg\" class=\"attachment-full size-full wp-image-1133\" alt=\"\" srcset=\"https:\/\/metric.net\/wp-content\/uploads\/2025\/03\/bat.jpg 1200w, https:\/\/metric.net\/wp-content\/uploads\/2025\/03\/bat-300x200.jpg 300w, https:\/\/metric.net\/wp-content\/uploads\/2025\/03\/bat-1024x683.jpg 1024w, https:\/\/metric.net\/wp-content\/uploads\/2025\/03\/bat-768x512.jpg 768w\" sizes=\"(max-width: 1200px) 100vw, 1200px\" \/>\t\t<\/div>\n\t\t\t\t<div class=\"elementor-portfolio-item__overlay\">\n\t\t\t\t<span class=\"elementor-portfolio-item__title\">\n\t\tBritish American Tobacco\t\t<\/span>\n\t\t\t\t<\/div>\n\t\t\t\t<\/a>\n\t\t<\/article>\n\t\t\t\t<article class=\"elementor-portfolio-item elementor-post elementor-filter-25 post-1535 post type-post status-publish format-standard has-post-thumbnail hentry category-success-stories tag-insurance\">\n\t\t\t<a class=\"elementor-post__thumbnail__link\" href=\"https:\/\/metric.net\/en\/anadolu-sigorta\/\">\n\t\t\t\t<div class=\"elementor-portfolio-item__img elementor-post__thumbnail\">\n\t\t\t<img loading=\"lazy\" decoding=\"async\" width=\"1200\" height=\"800\" src=\"https:\/\/metric.net\/wp-content\/uploads\/2025\/03\/anadolu-sigorta-metric.jpg\" class=\"attachment-full size-full wp-image-1130\" alt=\"\" srcset=\"https:\/\/metric.net\/wp-content\/uploads\/2025\/03\/anadolu-sigorta-metric.jpg 1200w, https:\/\/metric.net\/wp-content\/uploads\/2025\/03\/anadolu-sigorta-metric-300x200.jpg 300w, https:\/\/metric.net\/wp-content\/uploads\/2025\/03\/anadolu-sigorta-metric-1024x683.jpg 1024w, https:\/\/metric.net\/wp-content\/uploads\/2025\/03\/anadolu-sigorta-metric-768x512.jpg 768w\" sizes=\"(max-width: 1200px) 100vw, 1200px\" \/>\t\t<\/div>\n\t\t\t\t<div class=\"elementor-portfolio-item__overlay\">\n\t\t\t\t<span class=\"elementor-portfolio-item__title\">\n\t\tAnadolu Sigorta\t\t<\/span>\n\t\t\t\t<\/div>\n\t\t\t\t<\/a>\n\t\t<\/article>\n\t\t\t\t<article class=\"elementor-portfolio-item elementor-post elementor-filter-22 post-1540 post type-post status-publish format-standard has-post-thumbnail hentry category-success-stories tag-fmcg\">\n\t\t\t<a class=\"elementor-post__thumbnail__link\" href=\"https:\/\/metric.net\/en\/hayat-kimya\/\">\n\t\t\t\t<div class=\"elementor-portfolio-item__img elementor-post__thumbnail\">\n\t\t\t<img loading=\"lazy\" decoding=\"async\" width=\"1200\" height=\"800\" src=\"https:\/\/metric.net\/wp-content\/uploads\/2025\/03\/hayat-kimya.jpg\" class=\"attachment-full size-full wp-image-1132\" alt=\"\" srcset=\"https:\/\/metric.net\/wp-content\/uploads\/2025\/03\/hayat-kimya.jpg 1200w, https:\/\/metric.net\/wp-content\/uploads\/2025\/03\/hayat-kimya-300x200.jpg 300w, https:\/\/metric.net\/wp-content\/uploads\/2025\/03\/hayat-kimya-1024x683.jpg 1024w, https:\/\/metric.net\/wp-content\/uploads\/2025\/03\/hayat-kimya-768x512.jpg 768w\" sizes=\"(max-width: 1200px) 100vw, 1200px\" \/>\t\t<\/div>\n\t\t\t\t<div class=\"elementor-portfolio-item__overlay\">\n\t\t\t\t<span class=\"elementor-portfolio-item__title\">\n\t\tHayat Kimya\t\t<\/span>\n\t\t\t\t<\/div>\n\t\t\t\t<\/a>\n\t\t<\/article>\n\t\t\t\t<article class=\"elementor-portfolio-item elementor-post elementor-filter-22 post-1545 post type-post status-publish format-standard has-post-thumbnail hentry category-success-stories tag-fmcg\">\n\t\t\t<a class=\"elementor-post__thumbnail__link\" href=\"https:\/\/metric.net\/en\/carrefoursa\/\">\n\t\t\t\t<div class=\"elementor-portfolio-item__img elementor-post__thumbnail\">\n\t\t\t<img loading=\"lazy\" decoding=\"async\" width=\"1200\" height=\"800\" src=\"https:\/\/metric.net\/wp-content\/uploads\/2025\/03\/carrefoursa.jpg\" class=\"attachment-full size-full wp-image-1131\" alt=\"\" srcset=\"https:\/\/metric.net\/wp-content\/uploads\/2025\/03\/carrefoursa.jpg 1200w, https:\/\/metric.net\/wp-content\/uploads\/2025\/03\/carrefoursa-300x200.jpg 300w, https:\/\/metric.net\/wp-content\/uploads\/2025\/03\/carrefoursa-1024x683.jpg 1024w, https:\/\/metric.net\/wp-content\/uploads\/2025\/03\/carrefoursa-768x512.jpg 768w\" sizes=\"(max-width: 1200px) 100vw, 1200px\" \/>\t\t<\/div>\n\t\t\t\t<div class=\"elementor-portfolio-item__overlay\">\n\t\t\t\t<span class=\"elementor-portfolio-item__title\">\n\t\tCarrefourSA\t\t<\/span>\n\t\t\t\t<\/div>\n\t\t\t\t<\/a>\n\t\t<\/article>\n\t\t\t\t<article class=\"elementor-portfolio-item elementor-post elementor-filter-23 post-1550 post type-post status-publish format-standard has-post-thumbnail hentry category-success-stories tag-finance\">\n\t\t\t<a class=\"elementor-post__thumbnail__link\" href=\"https:\/\/metric.net\/en\/teb-cetelem\/\">\n\t\t\t\t<div class=\"elementor-portfolio-item__img elementor-post__thumbnail\">\n\t\t\t<img loading=\"lazy\" decoding=\"async\" width=\"1200\" height=\"800\" src=\"https:\/\/metric.net\/wp-content\/uploads\/2025\/03\/TEB-Cetelem.jpg\" class=\"attachment-full size-full wp-image-1269\" alt=\"\" srcset=\"https:\/\/metric.net\/wp-content\/uploads\/2025\/03\/TEB-Cetelem.jpg 1200w, https:\/\/metric.net\/wp-content\/uploads\/2025\/03\/TEB-Cetelem-300x200.jpg 300w, https:\/\/metric.net\/wp-content\/uploads\/2025\/03\/TEB-Cetelem-1024x683.jpg 1024w, https:\/\/metric.net\/wp-content\/uploads\/2025\/03\/TEB-Cetelem-768x512.jpg 768w\" sizes=\"(max-width: 1200px) 100vw, 1200px\" \/>\t\t<\/div>\n\t\t\t\t<div class=\"elementor-portfolio-item__overlay\">\n\t\t\t\t<span class=\"elementor-portfolio-item__title\">\n\t\tTEB Cetelem\t\t<\/span>\n\t\t\t\t<\/div>\n\t\t\t\t<\/a>\n\t\t<\/article>\n\t\t\t\t<article class=\"elementor-portfolio-item elementor-post elementor-filter-26 post-1555 post type-post status-publish format-standard has-post-thumbnail hentry category-success-stories tag-production\">\n\t\t\t<a class=\"elementor-post__thumbnail__link\" href=\"https:\/\/metric.net\/en\/sisecam-chemicals-group\/\">\n\t\t\t\t<div class=\"elementor-portfolio-item__img elementor-post__thumbnail\">\n\t\t\t<img loading=\"lazy\" decoding=\"async\" width=\"1200\" height=\"800\" src=\"https:\/\/metric.net\/wp-content\/uploads\/2025\/03\/sisecam.jpg\" class=\"attachment-full size-full wp-image-1126\" alt=\"\" srcset=\"https:\/\/metric.net\/wp-content\/uploads\/2025\/03\/sisecam.jpg 1200w, https:\/\/metric.net\/wp-content\/uploads\/2025\/03\/sisecam-300x200.jpg 300w, https:\/\/metric.net\/wp-content\/uploads\/2025\/03\/sisecam-1024x683.jpg 1024w, https:\/\/metric.net\/wp-content\/uploads\/2025\/03\/sisecam-768x512.jpg 768w\" sizes=\"(max-width: 1200px) 100vw, 1200px\" \/>\t\t<\/div>\n\t\t\t\t<div class=\"elementor-portfolio-item__overlay\">\n\t\t\t\t<span class=\"elementor-portfolio-item__title\">\n\t\t\u015ei\u015fecam Chemicals Group\t\t<\/span>\n\t\t\t\t<\/div>\n\t\t\t\t<\/a>\n\t\t<\/article>\n\t\t\t\t<article class=\"elementor-portfolio-item elementor-post elementor-filter-23 post-1563 post type-post status-publish format-standard has-post-thumbnail hentry category-success-stories tag-finance\">\n\t\t\t<a class=\"elementor-post__thumbnail__link\" href=\"https:\/\/metric.net\/en\/alj-finans\/\">\n\t\t\t\t<div class=\"elementor-portfolio-item__img elementor-post__thumbnail\">\n\t\t\t<img loading=\"lazy\" decoding=\"async\" width=\"1200\" height=\"800\" src=\"https:\/\/metric.net\/wp-content\/uploads\/2025\/03\/alj.jpg\" class=\"attachment-full size-full wp-image-1127\" alt=\"\" srcset=\"https:\/\/metric.net\/wp-content\/uploads\/2025\/03\/alj.jpg 1200w, https:\/\/metric.net\/wp-content\/uploads\/2025\/03\/alj-300x200.jpg 300w, https:\/\/metric.net\/wp-content\/uploads\/2025\/03\/alj-1024x683.jpg 1024w, https:\/\/metric.net\/wp-content\/uploads\/2025\/03\/alj-768x512.jpg 768w\" sizes=\"(max-width: 1200px) 100vw, 1200px\" \/>\t\t<\/div>\n\t\t\t\t<div class=\"elementor-portfolio-item__overlay\">\n\t\t\t\t<span class=\"elementor-portfolio-item__title\">\n\t\tALJ Finans\t\t<\/span>\n\t\t\t\t<\/div>\n\t\t\t\t<\/a>\n\t\t<\/article>\n\t\t\t\t<\/div>\n\t\t\t\t\t\t<\/div>\n\t\t\t\t<\/div>\n\t\t\t\t\t<\/div>\n\t\t\t\t<\/div>\n\t\t\t\t<\/div>\n\t\t","protected":false},"excerpt":{"rendered":"<p>Success Stories Metric Software and Consulting Success Stories SUCCESS STORIES<\/p>\n","protected":false},"author":1,"featured_media":0,"parent":0,"menu_order":0,"comment_status":"closed","ping_status":"closed","template":"","meta":{"footnotes":""},"class_list":["post-1275","page","type-page","status-publish","hentry"],"_links":{"self":[{"href":"https:\/\/metric.net\/en\/wp-json\/wp\/v2\/pages\/1275","targetHints":{"allow":["GET"]}}],"collection":[{"href":"https:\/\/metric.net\/en\/wp-json\/wp\/v2\/pages"}],"about":[{"href":"https:\/\/metric.net\/en\/wp-json\/wp\/v2\/types\/page"}],"author":[{"embeddable":true,"href":"https:\/\/metric.net\/en\/wp-json\/wp\/v2\/users\/1"}],"replies":[{"embeddable":true,"href":"https:\/\/metric.net\/en\/wp-json\/wp\/v2\/comments?post=1275"}],"version-history":[{"count":8,"href":"https:\/\/metric.net\/en\/wp-json\/wp\/v2\/pages\/1275\/revisions"}],"predecessor-version":[{"id":1947,"href":"https:\/\/metric.net\/en\/wp-json\/wp\/v2\/pages\/1275\/revisions\/1947"}],"wp:attachment":[{"href":"https:\/\/metric.net\/en\/wp-json\/wp\/v2\/media?parent=1275"}],"curies":[{"name":"wp","href":"https:\/\/api.w.org\/{rel}","templated":true}]}}